{"id":8202,"date":"2022-06-03T12:07:21","date_gmt":"2022-06-03T11:07:21","guid":{"rendered":"https:\/\/aeroclubdubearn.fr\/?page_id=8202"},"modified":"2025-11-29T13:56:08","modified_gmt":"2025-11-29T12:56:08","slug":"documents-ato","status":"publish","type":"page","link":"https:\/\/aeroclubdubearn.fr\/index.php\/espace-membres\/documentation\/documents-ato\/","title":{"rendered":"DOCUMENTS ATO"},"content":{"rendered":"<div class=\"swpm-post-not-logged-in-msg\">You need to be logged in to view this content. Veuillez <a class=\"swpm-login-link\" href=\"https:\/\/aeroclubdubearn.fr\/\/index.php\/membership-login\/\">Log In<\/a>. Not a Member? <a href=\"https:\/\/aeroclubdubearn.fr\/index.php\/membership-join\/\">Nous Rejoindre<\/a><\/div>","protected":false},"excerpt":{"rendered":"<p>You need to be logged in to view this content. Veuillez Log In. Not a Member? Nous Rejoindre<\/p>\n","protected":false},"author":1,"featured_media":0,"parent":1267,"menu_order":0,"comment_status":"closed","ping_status":"closed","template":"","meta":{"advgb_blocks_editor_width":"","advgb_blocks_columns_visual_guide":"","footnotes":""},"class_list":["post-8202","page","type-page","status-publish"],"coauthors":[],"author_meta":{"author_link":"https:\/\/aeroclubdubearn.fr\/index.php\/author\/admin\/","display_name":"admin"},"relative_dates":{"created":"Publi\u00e9 4 ans il y a","modified":"Mis \u00e0 jour 5 mois il y a"},"absolute_dates":{"created":"Publi\u00e9 le 3 juin 2022","modified":"Mise \u00e0 jour le 29 novembre 2025"},"absolute_dates_time":{"created":"Publi\u00e9 le 3 juin 2022 12:07 pm","modified":"Mise \u00e0 jour le 29 novembre 2025 1:56 pm"},"featured_img_caption":"","featured_img":false,"series_order":"","_links":{"self":[{"href":"https:\/\/aeroclubdubearn.fr\/index.php\/wp-json\/wp\/v2\/pages\/8202","targetHints":{"allow":["GET"]}}],"collection":[{"href":"https:\/\/aeroclubdubearn.fr\/index.php\/wp-json\/wp\/v2\/pages"}],"about":[{"href":"https:\/\/aeroclubdubearn.fr\/index.php\/wp-json\/wp\/v2\/types\/page"}],"author":[{"embeddable":true,"href":"https:\/\/aeroclubdubearn.fr\/index.php\/wp-json\/wp\/v2\/users\/1"}],"replies":[{"embeddable":true,"href":"https:\/\/aeroclubdubearn.fr\/index.php\/wp-json\/wp\/v2\/comments?post=8202"}],"version-history":[{"count":2,"href":"https:\/\/aeroclubdubearn.fr\/index.php\/wp-json\/wp\/v2\/pages\/8202\/revisions"}],"predecessor-version":[{"id":8944,"href":"https:\/\/aeroclubdubearn.fr\/index.php\/wp-json\/wp\/v2\/pages\/8202\/revisions\/8944"}],"up":[{"embeddable":true,"href":"https:\/\/aeroclubdubearn.fr\/index.php\/wp-json\/wp\/v2\/pages\/1267"}],"wp:attachment":[{"href":"https:\/\/aeroclubdubearn.fr\/index.php\/wp-json\/wp\/v2\/media?parent=8202"}],"curies":[{"name":"wp","href":"https:\/\/api.w.org\/{rel}","templated":true}]}}