{"id":8043,"date":"2022-05-03T12:20:10","date_gmt":"2022-05-03T11:20:10","guid":{"rendered":"https:\/\/aeroclubdubearn.fr\/?page_id=8043"},"modified":"2025-11-29T13:56:08","modified_gmt":"2025-11-29T12:56:08","slug":"bienvenue-a-laeroclub-du-bearn","status":"publish","type":"page","link":"https:\/\/aeroclubdubearn.fr\/","title":{"rendered":"BIENVENUE \u00c0 L\u2019A\u00c9ROCLUB DU B\u00c9ARN !"},"content":{"rendered":"\t\t<div data-elementor-type=\"wp-post\" data-elementor-id=\"8043\" class=\"elementor elementor-8043\">\n\t\t\t\t\t\t<section class=\"elementor-section elementor-top-section elementor-element elementor-element-3d0a79b elementor-section-full_width elementor-section-height-default elementor-section-height-default\" data-id=\"3d0a79b\" data-element_type=\"section\" data-e-type=\"section\">\n\t\t\t\t\t\t<div class=\"elementor-container elementor-column-gap-custom\">\n\t\t\t<a class=\"eael-wrapper-link-c6b2efe --eael-wrapper-link-tag\" href=\"https:\/\/aeroclubdubearn.fr\/index.php\/association-aeroclub-du-bearn\/\"><\/a>\t\t<div data-eael-wrapper-link=\"eael-wrapper-link-c6b2efe\" class=\"elementor-column elementor-col-33 elementor-top-column elementor-element elementor-element-c6b2efe\" data-id=\"c6b2efe\" data-element_type=\"column\" data-e-type=\"column\" data-settings=\"{&quot;background_background&quot;:&quot;classic&quot;}\">\n\t\t\t<div class=\"elementor-widget-wrap elementor-element-populated\">\n\t\t\t\t\t<div class=\"elementor-background-overlay\"><\/div>\n\t\t\t\t\t\t<div class=\"elementor-element elementor-element-5a4f840 elementor-widget elementor-widget-text-editor\" data-id=\"5a4f840\" data-element_type=\"widget\" data-e-type=\"widget\" data-widget_type=\"text-editor.default\">\n\t\t\t\t<div class=\"elementor-widget-container\">\n\t\t\t\t\t\t\t\t\t<p style=\"text-align: center;\"><strong>L&#8217;ASSOCIATION<\/strong><\/p><p style=\"text-align: center;\">D\u00e9couvrez l&#8217;a\u00e9roclub !<\/p><p>\u00a0<\/p><p>\u00a0<\/p><p>\u00a0<\/p><p>\u00a0<\/p><p>\u00a0<\/p><p>\u00a0<\/p><p>\u00a0<\/p>\t\t\t\t\t\t\t\t<\/div>\n\t\t\t\t<\/div>\n\t\t\t\t\t<\/div>\n\t\t<\/div>\n\t\t<a class=\"eael-wrapper-link-06f4944 --eael-wrapper-link-tag\" href=\"https:\/\/aeroclubdubearn.fr\/index.php\/flotte-de-laeroclub\/\"><\/a>\t\t<div data-eael-wrapper-link=\"eael-wrapper-link-06f4944\" class=\"elementor-column elementor-col-33 elementor-top-column elementor-element elementor-element-06f4944\" data-id=\"06f4944\" data-element_type=\"column\" data-e-type=\"column\" data-settings=\"{&quot;background_background&quot;:&quot;classic&quot;}\">\n\t\t\t<div class=\"elementor-widget-wrap elementor-element-populated\">\n\t\t\t\t\t<div class=\"elementor-background-overlay\"><\/div>\n\t\t\t\t\t\t<div class=\"elementor-element elementor-element-93c3054 elementor-widget elementor-widget-text-editor\" data-id=\"93c3054\" data-element_type=\"widget\" data-e-type=\"widget\" data-widget_type=\"text-editor.default\">\n\t\t\t\t<div class=\"elementor-widget-container\">\n\t\t\t\t\t\t\t\t\t<p style=\"text-align: center;\"><strong>NOTRE FLOTTE<br \/><\/strong><\/p><p style=\"text-align: center;\">4 avions \u00e0 d\u00e9couvrir !<\/p>\t\t\t\t\t\t\t\t<\/div>\n\t\t\t\t<\/div>\n\t\t\t\t\t<\/div>\n\t\t<\/div>\n\t\t<a class=\"eael-wrapper-link-6cd3102 --eael-wrapper-link-tag\" href=\"https:\/\/aeroclubdubearn.fr\/index.php\/formations-ato-nxxxxxx\/\"><\/a>\t\t<div data-eael-wrapper-link=\"eael-wrapper-link-6cd3102\" class=\"elementor-column elementor-col-33 elementor-top-column elementor-element elementor-element-6cd3102\" data-id=\"6cd3102\" data-element_type=\"column\" data-e-type=\"column\" data-settings=\"{&quot;background_background&quot;:&quot;classic&quot;}\">\n\t\t\t<div class=\"elementor-widget-wrap elementor-element-populated\">\n\t\t\t\t\t<div class=\"elementor-background-overlay\"><\/div>\n\t\t\t\t\t\t<div class=\"elementor-element elementor-element-65509c8 elementor-widget elementor-widget-text-editor\" data-id=\"65509c8\" data-element_type=\"widget\" data-e-type=\"widget\" data-widget_type=\"text-editor.default\">\n\t\t\t\t<div class=\"elementor-widget-container\">\n\t\t\t\t\t\t\t\t\t<p style=\"text-align: center;\"><strong>NOS FORMATIONS ATO<br \/><\/strong><\/p><p style=\"text-align: center;\">LAPL, PPL(A), B-IR, CB-IR&#8230;<\/p><p>\u00a0<\/p><p>\u00a0<\/p><p>\u00a0<\/p><p>\u00a0<\/p><p>\u00a0<\/p><p>\u00a0<\/p>\t\t\t\t\t\t\t\t<\/div>\n\t\t\t\t<\/div>\n\t\t\t\t\t<\/div>\n\t\t<\/div>\n\t\t\t\t\t<\/div>\n\t\t<\/section>\n\t\t\t\t<\/div>\n\t\t","protected":false},"excerpt":{"rendered":"<p>L&#8217;ASSOCIATION D\u00e9couvrez l&#8217;a\u00e9roclub ! \u00a0 \u00a0 \u00a0 \u00a0 \u00a0 \u00a0 \u00a0 NOTRE FLOTTE 4 avions \u00e0 d\u00e9couvrir ! NOS FORMATIONS ATO LAPL, PPL(A), B-IR, CB-IR&#8230; \u00a0 \u00a0&hellip;<\/p>\n<p> <a class=\"more-link\" href=\"https:\/\/aeroclubdubearn.fr\/\">Lire la suite<\/a><\/p>\n","protected":false},"author":1,"featured_media":0,"parent":0,"menu_order":0,"comment_status":"closed","ping_status":"open","template":"","meta":{"advgb_blocks_editor_width":"full","advgb_blocks_columns_visual_guide":"enable","footnotes":""},"class_list":["post-8043","page","type-page","status-publish"],"coauthors":[],"author_meta":{"author_link":"https:\/\/aeroclubdubearn.fr\/index.php\/author\/admin\/","display_name":"admin"},"relative_dates":{"created":"Publi\u00e9 4 ans il y a","modified":"Mis \u00e0 jour 5 mois il y a"},"absolute_dates":{"created":"Publi\u00e9 le 3 mai 2022","modified":"Mise \u00e0 jour le 29 novembre 2025"},"absolute_dates_time":{"created":"Publi\u00e9 le 3 mai 2022 12:20 pm","modified":"Mise \u00e0 jour le 29 novembre 2025 1:56 pm"},"featured_img_caption":"","featured_img":false,"series_order":"","_links":{"self":[{"href":"https:\/\/aeroclubdubearn.fr\/index.php\/wp-json\/wp\/v2\/pages\/8043","targetHints":{"allow":["GET"]}}],"collection":[{"href":"https:\/\/aeroclubdubearn.fr\/index.php\/wp-json\/wp\/v2\/pages"}],"about":[{"href":"https:\/\/aeroclubdubearn.fr\/index.php\/wp-json\/wp\/v2\/types\/page"}],"author":[{"embeddable":true,"href":"https:\/\/aeroclubdubearn.fr\/index.php\/wp-json\/wp\/v2\/users\/1"}],"replies":[{"embeddable":true,"href":"https:\/\/aeroclubdubearn.fr\/index.php\/wp-json\/wp\/v2\/comments?post=8043"}],"version-history":[{"count":178,"href":"https:\/\/aeroclubdubearn.fr\/index.php\/wp-json\/wp\/v2\/pages\/8043\/revisions"}],"predecessor-version":[{"id":9889,"href":"https:\/\/aeroclubdubearn.fr\/index.php\/wp-json\/wp\/v2\/pages\/8043\/revisions\/9889"}],"wp:attachment":[{"href":"https:\/\/aeroclubdubearn.fr\/index.php\/wp-json\/wp\/v2\/media?parent=8043"}],"curies":[{"name":"wp","href":"https:\/\/api.w.org\/{rel}","templated":true}]}}