{"id":7820,"date":"2022-03-28T10:18:34","date_gmt":"2022-03-28T09:18:34","guid":{"rendered":"https:\/\/aeroclubdubearn.fr\/?page_id=7820"},"modified":"2025-11-29T13:56:09","modified_gmt":"2025-11-29T12:56:09","slug":"simulateur-al250-alsim","status":"publish","type":"page","link":"https:\/\/aeroclubdubearn.fr\/index.php\/flotte-de-laeroclub\/simulateur-al250-alsim\/","title":{"rendered":"SIMULATEUR AL250 ALSIM"},"content":{"rendered":"\t\t<div data-elementor-type=\"wp-page\" data-elementor-id=\"7820\" class=\"elementor elementor-7820\">\n\t\t\t\t\t\t<section class=\"elementor-section elementor-top-section elementor-element elementor-element-755ca4a6 elementor-section-full_width elementor-section-height-min-height elementor-section-height-default elementor-section-items-middle\" data-id=\"755ca4a6\" data-element_type=\"section\" data-e-type=\"section\" data-settings=\"{&quot;background_background&quot;:&quot;slideshow&quot;,&quot;background_slideshow_gallery&quot;:[{&quot;id&quot;:7865,&quot;url&quot;:&quot;https:\\\/\\\/aeroclubdubearn.fr\\\/wp-content\\\/uploads\\\/2022\\\/03\\\/IMG_9443-scaled.jpg&quot;}],&quot;background_slideshow_ken_burns&quot;:&quot;yes&quot;,&quot;background_slideshow_loop&quot;:&quot;yes&quot;,&quot;background_slideshow_slide_duration&quot;:5000,&quot;background_slideshow_slide_transition&quot;:&quot;fade&quot;,&quot;background_slideshow_transition_duration&quot;:500,&quot;background_slideshow_ken_burns_zoom_direction&quot;:&quot;in&quot;}\">\n\t\t\t\t\t\t<div class=\"elementor-container elementor-column-gap-default\">\n\t\t\t\t\t<div class=\"jet-sticky-column-sticky elementor-column elementor-col-100 elementor-top-column elementor-element elementor-element-59090b9a\" data-jet-sticky-column-settings=\"{&quot;id&quot;:&quot;59090b9a&quot;,&quot;sticky&quot;:true,&quot;topSpacing&quot;:0,&quot;bottomSpacing&quot;:10,&quot;stickyOn&quot;:[&quot;desktop&quot;,&quot;tablet&quot;]}\" data-id=\"59090b9a\" data-element_type=\"column\" data-e-type=\"column\">\n\t\t\t<div class=\"elementor-widget-wrap elementor-element-populated\">\n\t\t\t\t\t\t<div class=\"elementor-element elementor-element-7e3b1709 elementor-widget-divider--view-line elementor-widget elementor-widget-divider\" data-id=\"7e3b1709\" data-element_type=\"widget\" data-e-type=\"widget\" data-widget_type=\"divider.default\">\n\t\t\t\t<div class=\"elementor-widget-container\">\n\t\t\t\t\t\t\t<div class=\"elementor-divider\">\n\t\t\t<span class=\"elementor-divider-separator\">\n\t\t\t\t\t\t<\/span>\n\t\t<\/div>\n\t\t\t\t\t\t<\/div>\n\t\t\t\t<\/div>\n\t\t\t\t<div class=\"elementor-element elementor-element-7fc2de2e elementor-widget elementor-widget-heading\" data-id=\"7fc2de2e\" data-element_type=\"widget\" data-e-type=\"widget\" data-widget_type=\"heading.default\">\n\t\t\t\t<div class=\"elementor-widget-container\">\n\t\t\t\t\t<h2 class=\"elementor-heading-title elementor-size-default\">SIMULATEUR AL250 ALSIM<\/h2>\t\t\t\t<\/div>\n\t\t\t\t<\/div>\n\t\t\t\t\t<\/div>\n\t\t<\/div>\n\t\t\t\t\t<\/div>\n\t\t<\/section>\n\t\t\t\t<section class=\"elementor-section elementor-top-section elementor-element elementor-element-8835218 elementor-section-boxed elementor-section-height-default elementor-section-height-default elementor-invisible\" data-id=\"8835218\" data-element_type=\"section\" data-e-type=\"section\" data-settings=\"{&quot;animation&quot;:&quot;fadeInUp&quot;}\">\n\t\t\t\t\t\t<div class=\"elementor-container elementor-column-gap-default\">\n\t\t\t\t\t<div class=\"elementor-column elementor-col-100 elementor-top-column elementor-element elementor-element-8ce836d\" data-id=\"8ce836d\" data-element_type=\"column\" data-e-type=\"column\">\n\t\t\t<div class=\"elementor-widget-wrap elementor-element-populated\">\n\t\t\t\t\t\t<div class=\"elementor-element elementor-element-47c6735 elementor-widget elementor-widget-text-editor\" data-id=\"47c6735\" data-element_type=\"widget\" data-e-type=\"widget\" data-widget_type=\"text-editor.default\">\n\t\t\t\t<div class=\"elementor-widget-container\">\n\t\t\t\t\t\t\t\t\t<div><h2>SIMULATEUR AL250<\/h2><p>Ce simulateur de vol a \u00e9t\u00e9 acquis par l&#8217;Aeroclub en 2022. Il est con\u00e7u et fabriqu\u00e9 par ALSIM.\u00a0<\/p><p>Cet outil\u00a0 professionnel permet aux \u00e9l\u00e8ves durant la formation ou aux pilotes brevet\u00e9s, de travailler avec un instructeur sur des proc\u00e9dures en VFR (gestion pannes, tours de pistes, radio NAV etc..) et de l&#8217;IFR (proc\u00e9dures d\u00e9part et approche IFR, RNAV, LPV, ILS etc).<\/p><p>ALSIM a sp\u00e9cialement mod\u00e9lis\u00e9 l&#8217;a\u00e9roport de PAU (LFBP) pour une immersion compl\u00e8te des pilotes volant sur la plateforme.<\/p><\/div>\t\t\t\t\t\t\t\t<\/div>\n\t\t\t\t<\/div>\n\t\t\t\t\t<\/div>\n\t\t<\/div>\n\t\t\t\t\t<\/div>\n\t\t<\/section>\n\t\t\t\t<section class=\"elementor-section elementor-top-section elementor-element elementor-element-03a8d48 elementor-section-boxed elementor-section-height-default elementor-section-height-default elementor-invisible\" data-id=\"03a8d48\" data-element_type=\"section\" data-e-type=\"section\" data-settings=\"{&quot;animation&quot;:&quot;fadeInUp&quot;}\">\n\t\t\t\t\t\t<div class=\"elementor-container elementor-column-gap-default\">\n\t\t\t\t\t<div class=\"elementor-column elementor-col-100 elementor-top-column elementor-element elementor-element-482717e\" data-id=\"482717e\" data-element_type=\"column\" data-e-type=\"column\">\n\t\t\t<div class=\"elementor-widget-wrap elementor-element-populated\">\n\t\t\t\t\t\t<div class=\"elementor-element elementor-element-873b592 elementor-widget elementor-widget-text-editor\" data-id=\"873b592\" data-element_type=\"widget\" data-e-type=\"widget\" data-widget_type=\"text-editor.default\">\n\t\t\t\t<div class=\"elementor-widget-container\">\n\t\t\t\t\t\t\t\t\t<h2>Caract\u00e9ristiques<\/h2>\n<ul>\n<li><strong>Simulateur cabine : <\/strong>Angle de vue HD 250\u00b0 Horizontal, 49\u00b0 vertical. Manche de pilotage type &#8220;volant&#8221; 3 axes avec moteurs couples sur tous les axes. Deux si\u00e9ges en cabine.<\/li>\n<\/ul>\n<div>\n<div>\n<ul>\n<li title=\"\" data-original-title=\"\"><strong>3 Mod\u00e8les de vol :<\/strong> SEP train tricycle\/pas fixe, SEP train rentrant\/pas variable, MEP (bimoteur) train rentrant\/pas variable.<\/li>\n<li title=\"\" data-original-title=\"\"><strong>Avionique:<\/strong> Instrumentation classique ou glass-cockpit, selon la configuration choisie avant le vol.<\/li>\n<li title=\"\" data-original-title=\"\"><strong>GPS:<\/strong> Un v\u00e9ritable GARMIN GTN650.<\/li>\n<\/ul>\n<\/div>\n<div>\n<ul>\n<li title=\"\" data-original-title=\"\"><strong>Certification :<\/strong> Le simulateur est &#8220;certifiable&#8221; aupr\u00e8s de la DSAC. Pour l&#8217;instant les d\u00e9marches n&#8217;ont pas \u00e9t\u00e9 engag\u00e9es donc les heures de vols ne peuvent pas \u00eatre enregistr\u00e9es dans le carnet de vol du pilote.<\/li>\n<li title=\"\" data-original-title=\"\"><strong>Utilisation: <\/strong>La mise en route et l&#8217;exploitation du simulateur \u00e9tant complexe, il est utilisable uniquement en double commande avec un instructeur.<\/li>\n<\/ul>\n<\/div>\n<\/div>\t\t\t\t\t\t\t\t<\/div>\n\t\t\t\t<\/div>\n\t\t\t\t\t<\/div>\n\t\t<\/div>\n\t\t\t\t\t<\/div>\n\t\t<\/section>\n\t\t\t\t<section class=\"elementor-section elementor-top-section elementor-element elementor-element-e4798e2 elementor-section-boxed elementor-section-height-default elementor-section-height-default\" data-id=\"e4798e2\" data-element_type=\"section\" data-e-type=\"section\">\n\t\t\t\t\t\t<div class=\"elementor-container elementor-column-gap-default\">\n\t\t\t\t\t<div class=\"elementor-column elementor-col-100 elementor-top-column elementor-element elementor-element-6005c57\" data-id=\"6005c57\" data-element_type=\"column\" data-e-type=\"column\">\n\t\t\t<div class=\"elementor-widget-wrap elementor-element-populated\">\n\t\t\t\t\t\t<div class=\"elementor-element elementor-element-223466a elementor-widget elementor-widget-eael-adv-accordion\" data-id=\"223466a\" data-element_type=\"widget\" data-e-type=\"widget\" data-widget_type=\"eael-adv-accordion.default\">\n\t\t\t\t<div class=\"elementor-widget-container\">\n\t\t\t\t\t            <div class=\"eael-adv-accordion\" id=\"eael-adv-accordion-223466a\" data-scroll-on-click=\"no\" data-scroll-speed=\"300\" data-accordion-id=\"223466a\" data-accordion-type=\"toggle\" data-toogle-speed=\"300\">\n            <div class=\"eael-accordion-list\">\n\t\t\t\t\t<div id=\"cot-heure-de-vol\" class=\"elementor-tab-title eael-accordion-header\" tabindex=\"0\" data-tab=\"1\" aria-controls=\"elementor-tab-content-3581\"><span class=\"eael-advanced-accordion-icon-closed\"><i aria-hidden=\"true\" class=\"fa-accordion-icon fas fa-plus\"><\/i><\/span><span class=\"eael-advanced-accordion-icon-opened\"><i aria-hidden=\"true\" class=\"fa-accordion-icon fas fa-minus\"><\/i><\/span><span class=\"eael-accordion-tab-title\">Co\u00fbt heure de vol<\/span><i aria-hidden=\"true\" class=\"fa-toggle fas fa-angle-right\"><\/i><\/div><div id=\"elementor-tab-content-3581\" class=\"eael-accordion-content clearfix\" data-tab=\"1\" aria-labelledby=\"cot-heure-de-vol\"><style><\/style>\t\t<div data-elementor-type=\"section\" data-elementor-id=\"7838\" class=\"elementor elementor-7838\">\n\t\t\t\t\t\t<section class=\"elementor-section elementor-top-section elementor-element elementor-element-58c01346 elementor-section-boxed elementor-section-height-default elementor-section-height-default\" data-id=\"58c01346\" data-element_type=\"section\" data-e-type=\"section\">\n\t\t\t\t\t\t<div class=\"elementor-container elementor-column-gap-default\">\n\t\t\t\t\t<div class=\"elementor-column elementor-col-100 elementor-top-column elementor-element elementor-element-79fe37dd\" data-id=\"79fe37dd\" data-element_type=\"column\" data-e-type=\"column\">\n\t\t\t<div class=\"elementor-widget-wrap elementor-element-populated\">\n\t\t\t\t\t\t<div class=\"elementor-element elementor-element-52e1cee9 elementor-widget elementor-widget-shortcode\" data-id=\"52e1cee9\" data-element_type=\"widget\" data-e-type=\"widget\" data-widget_type=\"shortcode.default\">\n\t\t\t\t<div class=\"elementor-widget-container\">\n\t\t\t\t\t\t\t<div class=\"elementor-shortcode\">\n<table id=\"tablepress-8\" class=\"tablepress tablepress-id-8\">\n<tbody>\n<tr class=\"row-1\">\n\t<td class=\"column-1\">Prix heure de vol VFR DC: 117 \u20ac<\/td>\n<\/tr>\n<tr class=\"row-2\">\n\t<td class=\"column-1\">Prix heure de vol IFR DC: 139\u20ac<\/td>\n<\/tr>\n<\/tbody>\n<\/table>\n<!-- #tablepress-8 from cache --><\/div>\n\t\t\t\t\t\t<\/div>\n\t\t\t\t<\/div>\n\t\t\t\t\t<\/div>\n\t\t<\/div>\n\t\t\t\t\t<\/div>\n\t\t<\/section>\n\t\t\t\t<\/div>\n\t\t<\/div>\n\t\t\t\t\t<\/div><\/div>\t\t\t\t<\/div>\n\t\t\t\t<\/div>\n\t\t\t\t\t<\/div>\n\t\t<\/div>\n\t\t\t\t\t<\/div>\n\t\t<\/section>\n\t\t\t\t<\/div>\n\t\t","protected":false},"excerpt":{"rendered":"<p>SIMULATEUR AL250 ALSIM SIMULATEUR AL250 Ce simulateur de vol a \u00e9t\u00e9 acquis par l&#8217;Aeroclub en 2022. Il est con\u00e7u et fabriqu\u00e9 par ALSIM.\u00a0 Cet outil\u00a0 professionnel permet&hellip;<\/p>\n<p> <a class=\"more-link\" href=\"https:\/\/aeroclubdubearn.fr\/index.php\/flotte-de-laeroclub\/simulateur-al250-alsim\/\">Lire la suite<\/a><\/p>\n","protected":false},"author":1,"featured_media":0,"parent":1241,"menu_order":0,"comment_status":"closed","ping_status":"closed","template":"","meta":{"advgb_blocks_editor_width":"","advgb_blocks_columns_visual_guide":"","footnotes":""},"class_list":["post-7820","page","type-page","status-publish"],"coauthors":[],"author_meta":{"author_link":"https:\/\/aeroclubdubearn.fr\/index.php\/author\/admin\/","display_name":"admin"},"relative_dates":{"created":"Publi\u00e9 4 ans il y a","modified":"Mis \u00e0 jour 4 mois il y a"},"absolute_dates":{"created":"Publi\u00e9 le 28 mars 2022","modified":"Mise \u00e0 jour le 29 novembre 2025"},"absolute_dates_time":{"created":"Publi\u00e9 le 28 mars 2022 10:18 am","modified":"Mise \u00e0 jour le 29 novembre 2025 1:56 pm"},"featured_img_caption":"","featured_img":false,"series_order":"","_links":{"self":[{"href":"https:\/\/aeroclubdubearn.fr\/index.php\/wp-json\/wp\/v2\/pages\/7820","targetHints":{"allow":["GET"]}}],"collection":[{"href":"https:\/\/aeroclubdubearn.fr\/index.php\/wp-json\/wp\/v2\/pages"}],"about":[{"href":"https:\/\/aeroclubdubearn.fr\/index.php\/wp-json\/wp\/v2\/types\/page"}],"author":[{"embeddable":true,"href":"https:\/\/aeroclubdubearn.fr\/index.php\/wp-json\/wp\/v2\/users\/1"}],"replies":[{"embeddable":true,"href":"https:\/\/aeroclubdubearn.fr\/index.php\/wp-json\/wp\/v2\/comments?post=7820"}],"version-history":[{"count":41,"href":"https:\/\/aeroclubdubearn.fr\/index.php\/wp-json\/wp\/v2\/pages\/7820\/revisions"}],"predecessor-version":[{"id":8036,"href":"https:\/\/aeroclubdubearn.fr\/index.php\/wp-json\/wp\/v2\/pages\/7820\/revisions\/8036"}],"up":[{"embeddable":true,"href":"https:\/\/aeroclubdubearn.fr\/index.php\/wp-json\/wp\/v2\/pages\/1241"}],"wp:attachment":[{"href":"https:\/\/aeroclubdubearn.fr\/index.php\/wp-json\/wp\/v2\/media?parent=7820"}],"curies":[{"name":"wp","href":"https:\/\/api.w.org\/{rel}","templated":true}]}}