{"id":7710,"date":"2022-02-18T09:07:50","date_gmt":"2022-02-18T08:07:50","guid":{"rendered":"https:\/\/aeroclubdubearn.fr\/?page_id=7710"},"modified":"2025-11-29T13:56:09","modified_gmt":"2025-11-29T12:56:09","slug":"webcam-terrain","status":"publish","type":"page","link":"https:\/\/aeroclubdubearn.fr\/index.php\/webcam-terrain\/","title":{"rendered":"WEBCAM TERRAIN"},"content":{"rendered":"\n<div class=\"wp-block-advgb-columns advgb-columns-wrapper\" id=\"advgb-cols-25d98376-f67c-437e-a9bd-da9f16294833\"><div class=\"advgb-columns-container\"><div class=\"advgb-columns advgb-columns-row advgb-is-mobile advgb-columns-2 layout-12-12 mbl-layout-stacked vgutter-10\">\n<div class=\"wp-block-advgb-column advgb-column advgb-is-half-tablet advgb-is-full-mobile\" id=\"advgb-col-93dc137e-63f8-4fc1-9ef3-b9f70fea9479\"><div class=\"advgb-column-inner\" style=\"border-style:none;border-width:1px\">\n<p style=\"text-align: center;\"><strong>DERNI\u00c8RE IMAGE<\/strong><\/p>\n\n\n\n\n<iframe\n\nwidth=\"900\" height=\"700\" \n\n src=\"https:\/\/cam-aero.eu\/raspicamaero\/LFBP_AeroclubDuBearn\/img\"><\/iframe>\n\n\n\n<\/div><\/div>\n\n\n\n<div class=\"wp-block-advgb-column advgb-column advgb-is-half-tablet advgb-is-full-mobile\" id=\"advgb-col-dd29d7ef-30cc-4e3b-b0b2-d86c61cef587\"><div class=\"advgb-column-inner\" style=\"border-style:none;border-width:1px\">\n<p style=\"text-align: center;\"><strong>TIME LAPSE<\/strong><\/p>\n\n\n\n\n\n<iframe \n\nwidth=\"900\" height=\"700\" \n\n  src=\"https:\/\/cam-aero.eu\/raspicamaero\/LFBP_AeroclubDuBearn\/replay\">\n<\/iframe>\n<\/div><\/div>\n<\/div><\/div><\/div>\n<style class=\"advgb-styles-renderer\">#advgb-col-93dc137e-63f8-4fc1-9ef3-b9f70fea9479>.advgb-column-inner{}@media screen and (max-width: 1023px) {#advgb-col-93dc137e-63f8-4fc1-9ef3-b9f70fea9479>.advgb-column-inner{}}@media screen and (max-width: 767px) {#advgb-col-93dc137e-63f8-4fc1-9ef3-b9f70fea9479>.advgb-column-inner{}}#advgb-col-dd29d7ef-30cc-4e3b-b0b2-d86c61cef587>.advgb-column-inner{}@media screen and (max-width: 1023px) {#advgb-col-dd29d7ef-30cc-4e3b-b0b2-d86c61cef587>.advgb-column-inner{}}@media screen and (max-width: 767px) {#advgb-col-dd29d7ef-30cc-4e3b-b0b2-d86c61cef587>.advgb-column-inner{}}#advgb-cols-25d98376-f67c-437e-a9bd-da9f16294833{}@media screen and (max-width: 1023px) {#advgb-cols-25d98376-f67c-437e-a9bd-da9f16294833{}}@media screen and (max-width: 767px) {#advgb-cols-25d98376-f67c-437e-a9bd-da9f16294833{}}#advgb-col-93dc137e-63f8-4fc1-9ef3-b9f70fea9479>.advgb-column-inner{}@media screen and (max-width: 1023px) {#advgb-col-93dc137e-63f8-4fc1-9ef3-b9f70fea9479>.advgb-column-inner{}}@media screen and (max-width: 767px) {#advgb-col-93dc137e-63f8-4fc1-9ef3-b9f70fea9479>.advgb-column-inner{}}#advgb-col-dd29d7ef-30cc-4e3b-b0b2-d86c61cef587>.advgb-column-inner{}@media screen and (max-width: 1023px) {#advgb-col-dd29d7ef-30cc-4e3b-b0b2-d86c61cef587>.advgb-column-inner{}}@media screen and (max-width: 767px) {#advgb-col-dd29d7ef-30cc-4e3b-b0b2-d86c61cef587>.advgb-column-inner{}}<\/style>","protected":false},"excerpt":{"rendered":"","protected":false},"author":1,"featured_media":0,"parent":0,"menu_order":0,"comment_status":"closed","ping_status":"closed","template":"","meta":{"advgb_blocks_editor_width":"","advgb_blocks_columns_visual_guide":"","footnotes":""},"class_list":["post-7710","page","type-page","status-publish"],"coauthors":[],"author_meta":{"author_link":"https:\/\/aeroclubdubearn.fr\/index.php\/author\/admin\/","display_name":"admin"},"relative_dates":{"created":"Publi\u00e9 4 ans il y a","modified":"Mis \u00e0 jour 5 mois il y a"},"absolute_dates":{"created":"Publi\u00e9 le 18 f\u00e9vrier 2022","modified":"Mise \u00e0 jour le 29 novembre 2025"},"absolute_dates_time":{"created":"Publi\u00e9 le 18 f\u00e9vrier 2022 9:07 am","modified":"Mise \u00e0 jour le 29 novembre 2025 1:56 pm"},"featured_img_caption":"","featured_img":false,"series_order":"","_links":{"self":[{"href":"https:\/\/aeroclubdubearn.fr\/index.php\/wp-json\/wp\/v2\/pages\/7710","targetHints":{"allow":["GET"]}}],"collection":[{"href":"https:\/\/aeroclubdubearn.fr\/index.php\/wp-json\/wp\/v2\/pages"}],"about":[{"href":"https:\/\/aeroclubdubearn.fr\/index.php\/wp-json\/wp\/v2\/types\/page"}],"author":[{"embeddable":true,"href":"https:\/\/aeroclubdubearn.fr\/index.php\/wp-json\/wp\/v2\/users\/1"}],"replies":[{"embeddable":true,"href":"https:\/\/aeroclubdubearn.fr\/index.php\/wp-json\/wp\/v2\/comments?post=7710"}],"version-history":[{"count":9,"href":"https:\/\/aeroclubdubearn.fr\/index.php\/wp-json\/wp\/v2\/pages\/7710\/revisions"}],"predecessor-version":[{"id":7721,"href":"https:\/\/aeroclubdubearn.fr\/index.php\/wp-json\/wp\/v2\/pages\/7710\/revisions\/7721"}],"wp:attachment":[{"href":"https:\/\/aeroclubdubearn.fr\/index.php\/wp-json\/wp\/v2\/media?parent=7710"}],"curies":[{"name":"wp","href":"https:\/\/api.w.org\/{rel}","templated":true}]}}