{"id":5177,"date":"2022-01-27T08:56:38","date_gmt":"2022-01-27T08:56:38","guid":{"rendered":"https:\/\/nouveau.aeroclubdubearn.fr\/?page_id=5177"},"modified":"2025-11-29T13:56:09","modified_gmt":"2025-11-29T12:56:09","slug":"abl","status":"publish","type":"page","link":"https:\/\/aeroclubdubearn.fr\/index.php\/formations-ato-nxxxxxx\/abl\/","title":{"rendered":"ABL"},"content":{"rendered":"\t\t<div data-elementor-type=\"wp-page\" data-elementor-id=\"5177\" class=\"elementor elementor-5177\">\n\t\t\t\t\t\t<section class=\"elementor-section elementor-top-section elementor-element elementor-element-6800ac3 elementor-section-full_width elementor-section-height-min-height elementor-section-height-default elementor-section-items-middle\" data-id=\"6800ac3\" data-element_type=\"section\" data-e-type=\"section\" data-settings=\"{&quot;background_background&quot;:&quot;video&quot;,&quot;background_video_link&quot;:&quot;https:\\\/\\\/aeroclubdubearn.fr\\\/wp-content\\\/uploads\\\/2021\\\/12\\\/D4EO67K.mp4&quot;,&quot;background_video_start&quot;:50,&quot;background_video_end&quot;:90,&quot;background_play_on_mobile&quot;:&quot;yes&quot;}\">\n\t\t\t\t\t\t\t\t<div class=\"elementor-background-video-container\">\n\t\t\t\t\t\t\t\t\t\t\t\t\t<video class=\"elementor-background-video-hosted\" role=\"presentation\" autoplay muted playsinline loop><\/video>\n\t\t\t\t\t\t\t\t\t\t\t<\/div>\n\t\t\t\t\t\t\t\t<div class=\"elementor-container elementor-column-gap-default\">\n\t\t\t\t\t<div class=\"jet-sticky-column-sticky elementor-column elementor-col-100 elementor-top-column elementor-element elementor-element-5cc1d484\" data-jet-sticky-column-settings=\"{&quot;id&quot;:&quot;5cc1d484&quot;,&quot;sticky&quot;:true,&quot;topSpacing&quot;:0,&quot;bottomSpacing&quot;:10,&quot;stickyOn&quot;:[&quot;desktop&quot;,&quot;tablet&quot;]}\" data-id=\"5cc1d484\" data-element_type=\"column\" data-e-type=\"column\">\n\t\t\t<div class=\"elementor-widget-wrap elementor-element-populated\">\n\t\t\t\t\t\t<div class=\"elementor-element elementor-element-19195588 elementor-widget-divider--view-line elementor-widget elementor-widget-divider\" data-id=\"19195588\" data-element_type=\"widget\" data-e-type=\"widget\" data-widget_type=\"divider.default\">\n\t\t\t\t<div class=\"elementor-widget-container\">\n\t\t\t\t\t\t\t<div class=\"elementor-divider\">\n\t\t\t<span class=\"elementor-divider-separator\">\n\t\t\t\t\t\t<\/span>\n\t\t<\/div>\n\t\t\t\t\t\t<\/div>\n\t\t\t\t<\/div>\n\t\t\t\t<div class=\"elementor-element elementor-element-5dbc3ab3 elementor-widget elementor-widget-heading\" data-id=\"5dbc3ab3\" data-element_type=\"widget\" data-e-type=\"widget\" data-widget_type=\"heading.default\">\n\t\t\t\t<div class=\"elementor-widget-container\">\n\t\t\t\t\t<h2 class=\"elementor-heading-title elementor-size-default\">ABL<\/h2>\t\t\t\t<\/div>\n\t\t\t\t<\/div>\n\t\t\t\t\t<\/div>\n\t\t<\/div>\n\t\t\t\t\t<\/div>\n\t\t<\/section>\n\t\t\t\t<section class=\"elementor-section elementor-top-section elementor-element elementor-element-42b0e5c elementor-section-boxed elementor-section-height-default elementor-section-height-default elementor-invisible\" data-id=\"42b0e5c\" data-element_type=\"section\" data-e-type=\"section\" data-settings=\"{&quot;animation&quot;:&quot;slideInUp&quot;}\">\n\t\t\t\t\t\t<div class=\"elementor-container elementor-column-gap-default\">\n\t\t\t\t\t<div class=\"elementor-column elementor-col-100 elementor-top-column elementor-element elementor-element-d10cecb\" data-id=\"d10cecb\" data-element_type=\"column\" data-e-type=\"column\">\n\t\t\t<div class=\"elementor-widget-wrap elementor-element-populated\">\n\t\t\t\t\t\t<div class=\"elementor-element elementor-element-311595f elementor-invisible elementor-widget elementor-widget-text-editor\" data-id=\"311595f\" data-element_type=\"widget\" data-e-type=\"widget\" data-settings=\"{&quot;_animation&quot;:&quot;fadeInUp&quot;}\" data-widget_type=\"text-editor.default\">\n\t\t\t\t<div class=\"elementor-widget-container\">\n\t\t\t\t\t\t\t\t\t<h4><strong>FORMATION ABL<br><\/strong><\/h4>\t\t\t\t\t\t\t\t<\/div>\n\t\t\t\t<\/div>\n\t\t\t\t<div class=\"elementor-element elementor-element-d24dde8 elementor-invisible elementor-widget elementor-widget-eael-adv-tabs\" data-id=\"d24dde8\" data-element_type=\"widget\" data-e-type=\"widget\" data-settings=\"{&quot;_animation&quot;:&quot;fadeInUp&quot;}\" data-widget_type=\"eael-adv-tabs.default\">\n\t\t\t\t<div class=\"elementor-widget-container\">\n\t\t\t\t\t        <div data-scroll-on-click=\"no\" data-scroll-speed=\"300\" id=\"eael-advance-tabs-d24dde8\" class=\"eael-advance-tabs eael-tabs-horizontal eael-tab-auto-active \" data-tabid=\"d24dde8\">\n            <div class=\"eael-tabs-nav \">\n                <ul class=\"eael-tab-inline-icon\" role=\"tablist\">\n                                            <li id=\"preambule\" class=\"inactive eael-tab-item-trigger eael-tab-nav-item\" aria-selected=\"true\" data-tab=\"1\" role=\"tab\" tabindex=\"0\" aria-controls=\"preambule-tab\" aria-expanded=\"false\">\n                            \n                                                        \n                                                            <span class=\"eael-tab-title title-after-icon\" >PREAMBULE<\/span>                            \n                                                    <\/li>\n                                            <li id=\"obtention\" class=\"inactive eael-tab-item-trigger eael-tab-nav-item\" aria-selected=\"false\" data-tab=\"2\" role=\"tab\" tabindex=\"-1\" aria-controls=\"obtention-tab\" aria-expanded=\"false\">\n                            \n                                                        \n                                                            <span class=\"eael-tab-title title-after-icon\" >OBTENTION<\/span>                            \n                                                    <\/li>\n                                            <li id=\"pre-requis-reglementaires\" class=\"inactive eael-tab-item-trigger eael-tab-nav-item\" aria-selected=\"false\" data-tab=\"3\" role=\"tab\" tabindex=\"-1\" aria-controls=\"pre-requis-reglementaires-tab\" aria-expanded=\"false\">\n                            \n                                                        \n                                                            <span class=\"eael-tab-title title-after-icon\" >PRE-REQUIS REGLEMENTAIRES<\/span>                            \n                                                    <\/li>\n                    \n                                  <\/ul>\n            <\/div>\n            \n            <div class=\"eael-tabs-content\">\n\t\t        \n                    <div id=\"preambule-tab\" class=\"clearfix eael-tab-content-item inactive\" data-title-link=\"preambule-tab\">\n\t\t\t\t        <div class=\"enigma_clear_content_section\"><div class=\"container\"><div class=\"row\"><div class=\"col-sm-12 enigma_blog_post_content\"><p>L\u2019ABL (Autorisation de Base Lapl) a \u00e9t\u00e9 institu\u00e9e suite \u00e0 la disparition de la Licence du Brevet de Base (BB) depuis le 19 mai 2020.<\/p><p>Cette autorisation permet au d\u00e9tenteur de voler seul, d\u00e8s l\u2019\u00e2ge de 16 ans, dans un rayon de 25 Nm (# 46 km) autour de l\u2019a\u00e9rodrome de rattachement.<\/p><p>Des extensions sont possibles. Elles sont d\u00e9livr\u00e9es par un instructeur (Section Formation).<\/p><\/div><\/div><\/div><\/div>                    <\/div>\n\t\t        \n                    <div id=\"obtention-tab\" class=\"clearfix eael-tab-content-item inactive\" data-title-link=\"obtention-tab\">\n\t\t\t\t        <p>La formation est dispens\u00e9e par un instructeur qualifi\u00e9. Elle se d\u00e9roule \u00e0 l\u2019A\u00e9roclub du B\u00e9arn, affili\u00e9 \u00e0 la F\u00e9d\u00e9ration Fran\u00e7aise A\u00e9ronautique.<\/p>                    <\/div>\n\t\t        \n                    <div id=\"pre-requis-reglementaires-tab\" class=\"clearfix eael-tab-content-item inactive\" data-title-link=\"pre-requis-reglementaires-tab\">\n\t\t\t\t        <p>Avant de d\u00e9marrer toute formation a\u00e9ronautique, le candidat doit passer un contr\u00f4le m\u00e9dical aupr\u00e8s d\u2019un m\u00e9decin agr\u00e9\u00e9 par la Direction G\u00e9n\u00e9rale de l\u2019Aviation Civile. Ce m\u00e9decin d\u00e9livrera un certificat m\u00e9dical .<\/p><p>Il n\u2019y a pas d\u2019\u00e2ge minimum impos\u00e9 par la r\u00e8glementation pour d\u00e9buter cette formation mais le premier vol seul \u00e0 bord (solo) ainsi que l\u2019examen en vol ne pourront \u00eatre r\u00e9alis\u00e9s qu\u2019apr\u00e8s les 16 ans r\u00e9volus.<\/p>                    <\/div>\n\t\t                    <\/div>\n        <\/div>\n\t\t\t\t<\/div>\n\t\t\t\t<\/div>\n\t\t\t\t<div class=\"elementor-element elementor-element-2b819dc elementor-widget elementor-widget-spacer\" data-id=\"2b819dc\" data-element_type=\"widget\" data-e-type=\"widget\" data-widget_type=\"spacer.default\">\n\t\t\t\t<div class=\"elementor-widget-container\">\n\t\t\t\t\t\t\t<div class=\"elementor-spacer\">\n\t\t\t<div class=\"elementor-spacer-inner\"><\/div>\n\t\t<\/div>\n\t\t\t\t\t\t<\/div>\n\t\t\t\t<\/div>\n\t\t\t\t<div class=\"elementor-element elementor-element-b8b4a14 elementor-invisible elementor-widget elementor-widget-eael-adv-tabs\" data-id=\"b8b4a14\" data-element_type=\"widget\" data-e-type=\"widget\" data-settings=\"{&quot;_animation&quot;:&quot;fadeInUp&quot;}\" data-widget_type=\"eael-adv-tabs.default\">\n\t\t\t\t<div class=\"elementor-widget-container\">\n\t\t\t\t\t        <div data-scroll-on-click=\"no\" data-scroll-speed=\"300\" id=\"eael-advance-tabs-b8b4a14\" class=\"eael-advance-tabs eael-tabs-horizontal eael-tab-auto-active \" data-tabid=\"b8b4a14\">\n            <div class=\"eael-tabs-nav \">\n                <ul class=\"eael-tab-inline-icon\" role=\"tablist\">\n                                            <li id=\"la-formation\" class=\"inactive eael-tab-item-trigger eael-tab-nav-item\" aria-selected=\"true\" data-tab=\"1\" role=\"tab\" tabindex=\"0\" aria-controls=\"la-formation-tab\" aria-expanded=\"false\">\n                            \n                                                        \n                                                            <span class=\"eael-tab-title title-after-icon\" >LA FORMATION<\/span>                            \n                                                    <\/li>\n                                            <li id=\"le-test\" class=\"inactive eael-tab-item-trigger eael-tab-nav-item\" aria-selected=\"false\" data-tab=\"2\" role=\"tab\" tabindex=\"-1\" aria-controls=\"le-test-tab\" aria-expanded=\"false\">\n                            \n                                                        \n                                                            <span class=\"eael-tab-title title-after-icon\" >LE TEST<\/span>                            \n                                                    <\/li>\n                                            <li id=\"les-privileges\" class=\"inactive eael-tab-item-trigger eael-tab-nav-item\" aria-selected=\"false\" data-tab=\"3\" role=\"tab\" tabindex=\"-1\" aria-controls=\"les-privileges-tab\" aria-expanded=\"false\">\n                            \n                                                        \n                                                            <span class=\"eael-tab-title title-after-icon\" >LES PRIVILEGES<\/span>                            \n                                                    <\/li>\n                    \n                                  <\/ul>\n            <\/div>\n            \n            <div class=\"eael-tabs-content\">\n\t\t        \n                    <div id=\"la-formation-tab\" class=\"clearfix eael-tab-content-item inactive\" data-title-link=\"la-formation-tab\">\n\t\t\t\t        <p>La formation comprend deux phases biens distinctes. Une partie th\u00e9orique et une partie pratique.<\/p><h4><strong>La formation th\u00e9orique :<br \/><\/strong><\/h4><p>L\u2019examen BIA est suffisant pour l\u2019exigence th\u00e9orique. Pour ceux qui ne sont pas d\u00e9tenteurs du BIA, il leur faudra alors passer l\u2019examen th\u00e9orique du LAPL ou du PPL (qui sont actuellement identiques\u2026).<\/p><h4><strong>La formation pratique :<br \/><\/strong><\/h4><p>La formation minimale r\u00e9glementaire requiert un minimum 6 h de double commande (avec un instructeur) et 20 atterrissages en Solo (seul \u00e0 bord).<\/p>                    <\/div>\n\t\t        \n                    <div id=\"le-test-tab\" class=\"clearfix eael-tab-content-item inactive\" data-title-link=\"le-test-tab\">\n\t\t\t\t        <div class=\"col-md-12\"><div class=\"enigma_blog_full\"><div class=\"enigma_blog_post_content\"><p>Le test d\u2019une dur\u00e9e minimale de 1h15 se passe avec un instructeur FI (Flight Instructor) d\u00e9sign\u00e9 par le Responsable P\u00e9dagogique de l\u2019ATO.<\/p><\/div><\/div><\/div>                    <\/div>\n\t\t        \n                    <div id=\"les-privileges-tab\" class=\"clearfix eael-tab-content-item inactive\" data-title-link=\"les-privileges-tab\">\n\t\t\t\t        <p>L\u2019ABL permet \u00e0 son titulaire de voler seul \u00e0 bord, dans un rayon de 25 Nm autour de l\u2019a\u00e9rodrome de rattachement, sur l\u2019avion qui a servi \u00e0 sa formation.<\/p><p>L\u2019ABL n\u2019est valable que dans l\u2019organisme de formation qui l\u2019a d\u00e9livr\u00e9. Pour voler pouvoir voler seul dans un autre organisme, il faudra obtenir une nouvelle autorisation de base Lapl aupr\u00e8s de ce nouvel organisme.<\/p><p>Un pilote peut donc d\u00e9tenir plusieurs ABLs (une par organisme o\u00f9 il souhaite voler seul)<\/p>                    <\/div>\n\t\t                    <\/div>\n        <\/div>\n\t\t\t\t<\/div>\n\t\t\t\t<\/div>\n\t\t\t\t<div class=\"elementor-element elementor-element-198fa0d elementor-widget elementor-widget-spacer\" data-id=\"198fa0d\" data-element_type=\"widget\" data-e-type=\"widget\" data-widget_type=\"spacer.default\">\n\t\t\t\t<div class=\"elementor-widget-container\">\n\t\t\t\t\t\t\t<div class=\"elementor-spacer\">\n\t\t\t<div class=\"elementor-spacer-inner\"><\/div>\n\t\t<\/div>\n\t\t\t\t\t\t<\/div>\n\t\t\t\t<\/div>\n\t\t\t\t<div class=\"elementor-element elementor-element-6b81d4b elementor-invisible elementor-widget elementor-widget-eael-adv-tabs\" data-id=\"6b81d4b\" data-element_type=\"widget\" data-e-type=\"widget\" data-settings=\"{&quot;_animation&quot;:&quot;fadeInUp&quot;}\" data-widget_type=\"eael-adv-tabs.default\">\n\t\t\t\t<div class=\"elementor-widget-container\">\n\t\t\t\t\t        <div data-scroll-on-click=\"no\" data-scroll-speed=\"300\" id=\"eael-advance-tabs-6b81d4b\" class=\"eael-advance-tabs eael-tabs-horizontal eael-tab-auto-active \" data-tabid=\"6b81d4b\">\n            <div class=\"eael-tabs-nav \">\n                <ul class=\"eael-tab-inline-icon\" role=\"tablist\">\n                                            <li id=\"extensions-possibles\" class=\"inactive eael-tab-item-trigger eael-tab-nav-item\" aria-selected=\"true\" data-tab=\"1\" role=\"tab\" tabindex=\"0\" aria-controls=\"extensions-possibles-tab\" aria-expanded=\"false\">\n                            \n                                                        \n                                                            <span class=\"eael-tab-title title-after-icon\" >EXTENSIONS POSSIBLES<\/span>                            \n                                                    <\/li>\n                                            <li id=\"budget-de-la-formation\" class=\"inactive eael-tab-item-trigger eael-tab-nav-item\" aria-selected=\"false\" data-tab=\"2\" role=\"tab\" tabindex=\"-1\" aria-controls=\"budget-de-la-formation-tab\" aria-expanded=\"false\">\n                            \n                                                        \n                                                            <span class=\"eael-tab-title title-after-icon\" >BUDGET DE LA FORMATION<\/span>                            \n                                                    <\/li>\n                                            <li id=\"cout-de-la-formation\" class=\"inactive eael-tab-item-trigger eael-tab-nav-item\" aria-selected=\"false\" data-tab=\"3\" role=\"tab\" tabindex=\"-1\" aria-controls=\"cout-de-la-formation-tab\" aria-expanded=\"false\">\n                            \n                                                        \n                                                            <span class=\"eael-tab-title title-after-icon\" >COUT DE LA FORMATION<\/span>                            \n                                                    <\/li>\n                    \n                                  <\/ul>\n            <\/div>\n            \n            <div class=\"eael-tabs-content\">\n\t\t        \n                    <div id=\"extensions-possibles-tab\" class=\"clearfix eael-tab-content-item inactive\" data-title-link=\"extensions-possibles-tab\">\n\t\t\t\t        <div class=\"container\"><div class=\"row enigma_blog_wrapper\"><div class=\"col-md-12\"><div class=\"enigma_blog_full\"><div class=\"enigma_blog_post_content\"><p>Apr\u00e8s une certaine exp\u00e9rience, le d\u00e9tenteur d\u2019une ABL peut se voir attribuer des extensions par un instructeur.<\/p><ul><li>Emport de passagers : le pilote doit avoir une exp\u00e9rience du vol seul \u00e0 bord d\u2019au moins 10 heures.<\/li><li>Acc\u00e8s \u00e0 des a\u00e9rodromes sp\u00e9cifi\u00e9s (dans un rayon de 25 Nm)<\/li><\/ul><\/div><\/div><\/div><\/div><\/div>                    <\/div>\n\t\t        \n                    <div id=\"budget-de-la-formation-tab\" class=\"clearfix eael-tab-content-item inactive\" data-title-link=\"budget-de-la-formation-tab\">\n\t\t\t\t        <div class=\"col-md-12\"><div class=\"enigma_blog_full\"><div class=\"enigma_blog_post_content\"><p>Le co\u00fbt de la formation \u00e0 l\u2019ABL varie en fonction de la dur\u00e9e n\u00e9cessaire pour la formation (nombre d\u2019heures de vol).<\/p><p>Cela repr\u00e9sente \u00e0 peu pr\u00e8s la moiti\u00e9 du co\u00fbt d\u2019une formation LAPL ou PPL.<\/p><p>La F\u00e9d\u00e9ration Fran\u00e7aise A\u00e9ronautique (FFA) accorde, sur demande, une bourse pour les jeunes de moins de 21 ans : 335 \u20ac lors du l\u00e2cher Solo et 335 \u20ac \u00e0 l\u2019obtention de l\u2019ABL (ou 500 \u20ac pour les d\u00e9tenteurs du BIA).<\/p><\/div><\/div><\/div>                    <\/div>\n\t\t        \n                    <div id=\"cout-de-la-formation-tab\" class=\"clearfix eael-tab-content-item inactive\" data-title-link=\"cout-de-la-formation-tab\">\n\t\t\t\t        <style><\/style>\t\t<div data-elementor-type=\"section\" data-elementor-id=\"7357\" class=\"elementor elementor-7357\">\n\t\t\t\t\t\t<section class=\"elementor-section elementor-top-section elementor-element elementor-element-da33cd5 elementor-section-boxed elementor-section-height-default elementor-section-height-default\" data-id=\"da33cd5\" data-element_type=\"section\" data-e-type=\"section\">\n\t\t\t\t\t\t<div class=\"elementor-container elementor-column-gap-default\">\n\t\t\t\t\t<div class=\"elementor-column elementor-col-100 elementor-top-column elementor-element elementor-element-7e6d399\" data-id=\"7e6d399\" data-element_type=\"column\" data-e-type=\"column\">\n\t\t\t<div class=\"elementor-widget-wrap elementor-element-populated\">\n\t\t\t\t\t\t<div class=\"elementor-element elementor-element-3a55b09f elementor-widget elementor-widget-shortcode\" data-id=\"3a55b09f\" data-element_type=\"widget\" data-e-type=\"widget\" data-widget_type=\"shortcode.default\">\n\t\t\t\t<div class=\"elementor-widget-container\">\n\t\t\t\t\t\t\t<div class=\"elementor-shortcode\">\n<table id=\"tablepress-6\" class=\"tablepress tablepress-id-6\">\n<thead>\n<tr class=\"row-1\">\n\t<th class=\"column-1\">Le co\u00fbt de la double commande, qui s'ajoute au co\u00fbt de l'heure de vol solo de la machine utilis\u00e9e est de :<br \/>\n+ 22\u20ac \/ heure<\/th>\n<\/tr>\n<\/thead>\n<tbody class=\"row-striping row-hover\">\n<\/tbody>\n<\/table>\n<!-- #tablepress-6 from cache --><\/div>\n\t\t\t\t\t\t<\/div>\n\t\t\t\t<\/div>\n\t\t\t\t\t<\/div>\n\t\t<\/div>\n\t\t\t\t\t<\/div>\n\t\t<\/section>\n\t\t\t\t<\/div>\n\t\t                    <\/div>\n\t\t                    <\/div>\n        <\/div>\n\t\t\t\t<\/div>\n\t\t\t\t<\/div>\n\t\t\t\t\t<\/div>\n\t\t<\/div>\n\t\t\t\t\t<\/div>\n\t\t<\/section>\n\t\t\t\t<\/div>\n\t\t","protected":false},"excerpt":{"rendered":"<p>ABL FORMATION ABL PREAMBULE OBTENTION PRE-REQUIS REGLEMENTAIRES L\u2019ABL (Autorisation de Base Lapl) a \u00e9t\u00e9 institu\u00e9e suite \u00e0 la disparition de la Licence du Brevet de Base (BB)&hellip;<\/p>\n<p> <a class=\"more-link\" href=\"https:\/\/aeroclubdubearn.fr\/index.php\/formations-ato-nxxxxxx\/abl\/\">Lire la suite<\/a><\/p>\n","protected":false},"author":1,"featured_media":0,"parent":1245,"menu_order":0,"comment_status":"closed","ping_status":"closed","template":"","meta":{"advgb_blocks_editor_width":"","advgb_blocks_columns_visual_guide":"","footnotes":""},"class_list":["post-5177","page","type-page","status-publish"],"coauthors":[],"author_meta":{"author_link":"https:\/\/aeroclubdubearn.fr\/index.php\/author\/admin\/","display_name":"admin"},"relative_dates":{"created":"Publi\u00e9 4 ans il y a","modified":"Mis \u00e0 jour 4 mois il y a"},"absolute_dates":{"created":"Publi\u00e9 le 27 janvier 2022","modified":"Mise \u00e0 jour le 29 novembre 2025"},"absolute_dates_time":{"created":"Publi\u00e9 le 27 janvier 2022 8:56 am","modified":"Mise \u00e0 jour le 29 novembre 2025 1:56 pm"},"featured_img_caption":"","featured_img":false,"series_order":"","_links":{"self":[{"href":"https:\/\/aeroclubdubearn.fr\/index.php\/wp-json\/wp\/v2\/pages\/5177","targetHints":{"allow":["GET"]}}],"collection":[{"href":"https:\/\/aeroclubdubearn.fr\/index.php\/wp-json\/wp\/v2\/pages"}],"about":[{"href":"https:\/\/aeroclubdubearn.fr\/index.php\/wp-json\/wp\/v2\/types\/page"}],"author":[{"embeddable":true,"href":"https:\/\/aeroclubdubearn.fr\/index.php\/wp-json\/wp\/v2\/users\/1"}],"replies":[{"embeddable":true,"href":"https:\/\/aeroclubdubearn.fr\/index.php\/wp-json\/wp\/v2\/comments?post=5177"}],"version-history":[{"count":15,"href":"https:\/\/aeroclubdubearn.fr\/index.php\/wp-json\/wp\/v2\/pages\/5177\/revisions"}],"predecessor-version":[{"id":7547,"href":"https:\/\/aeroclubdubearn.fr\/index.php\/wp-json\/wp\/v2\/pages\/5177\/revisions\/7547"}],"up":[{"embeddable":true,"href":"https:\/\/aeroclubdubearn.fr\/index.php\/wp-json\/wp\/v2\/pages\/1245"}],"wp:attachment":[{"href":"https:\/\/aeroclubdubearn.fr\/index.php\/wp-json\/wp\/v2\/media?parent=5177"}],"curies":[{"name":"wp","href":"https:\/\/api.w.org\/{rel}","templated":true}]}}