{"id":5089,"date":"2022-01-20T10:03:24","date_gmt":"2022-01-20T10:03:24","guid":{"rendered":"https:\/\/nouveau.aeroclubdubearn.fr\/index.php\/password-reset\/"},"modified":"2025-11-29T13:56:09","modified_gmt":"2025-11-29T12:56:09","slug":"password-reset","status":"publish","type":"page","link":"https:\/\/aeroclubdubearn.fr\/index.php\/password-reset\/","title":{"rendered":"Password Reset"},"content":{"rendered":"<p style=\"text-align: center;\"><strong>REINITIALISATION DU MOT DE PASSE<\/strong><\/p>\n<p>Entrez votre adresse mail\u00a0 pour recevoir un nouveau mot de passe. Pensez \u00e0 le modifier apr\u00e8s r\u00e9ception.<\/p>\n\n<div class=\"swpm-pw-reset-widget-form\">\n    <form id=\"swpm-pw-reset-form\" name=\"swpm-reset-form\" method=\"post\" action=\"\">\n        <div class=\"swpm-pw-reset-widget-inside\">\n            <div class=\"swpm-pw-reset-email swpm-margin-top-10\">\n                <label for=\"swpm_reset_email\" class=\"swpm_label swpm-pw-reset-email-label\">Adresse e-mail<\/label>\n            <\/div>\n            <div class=\"swpm-pw-reset-email-input swpm-margin-top-10\">\n                <input type=\"text\" name=\"swpm_reset_email\" class=\"swpm-text-field swpm-pw-reset-text\" id=\"swpm_reset_email\"  value=\"\" size=\"30\" \/>\n            <\/div>\n            <div class=\"swpm-before-login-submit-section\"><\/div>\n            <div class=\"swpm-pw-reset-submit-button\">\n                <input type=\"submit\" name=\"swpm-reset\" class=\"swpm-pw-reset-submit swpm-submit-btn-default-style\" value=\"R\u00e9initialiser le mot de passe\" \/>\n            <\/div>\n        <\/div>\n    <\/form>\n<\/div>\n<div class=\"swpm_pass_reset_processing_msg_section\">\n    <p id=\"swpm_pass_reset_processing_msg\" hidden=\"hidden\">\n        Processing password reset request...    <\/p>\n<\/div>\n<script>\n  document.getElementById(\"swpm-pw-reset-form\").addEventListener(\"submit\", function() {\n  let p = document.getElementById('swpm_pass_reset_processing_msg');\n    p.removeAttribute(\"hidden\");\n  });\n<\/script>\n\n","protected":false},"excerpt":{"rendered":"<p>REINITIALISATION DU MOT DE PASSE Entrez votre adresse mail\u00a0 pour recevoir un nouveau mot de passe. Pensez \u00e0 le modifier apr\u00e8s r\u00e9ception.<\/p>\n","protected":false},"author":1,"featured_media":0,"parent":0,"menu_order":0,"comment_status":"closed","ping_status":"closed","template":"","meta":{"advgb_blocks_editor_width":"","advgb_blocks_columns_visual_guide":"","footnotes":""},"class_list":["post-5089","page","type-page","status-publish"],"coauthors":[],"author_meta":{"author_link":"https:\/\/aeroclubdubearn.fr\/index.php\/author\/admin\/","display_name":"admin"},"relative_dates":{"created":"Publi\u00e9 4 ans il y a","modified":"Mis \u00e0 jour 5 mois il y a"},"absolute_dates":{"created":"Publi\u00e9 le 20 janvier 2022","modified":"Mise \u00e0 jour le 29 novembre 2025"},"absolute_dates_time":{"created":"Publi\u00e9 le 20 janvier 2022 10:03 am","modified":"Mise \u00e0 jour le 29 novembre 2025 1:56 pm"},"featured_img_caption":"","featured_img":false,"series_order":"","_links":{"self":[{"href":"https:\/\/aeroclubdubearn.fr\/index.php\/wp-json\/wp\/v2\/pages\/5089","targetHints":{"allow":["GET"]}}],"collection":[{"href":"https:\/\/aeroclubdubearn.fr\/index.php\/wp-json\/wp\/v2\/pages"}],"about":[{"href":"https:\/\/aeroclubdubearn.fr\/index.php\/wp-json\/wp\/v2\/types\/page"}],"author":[{"embeddable":true,"href":"https:\/\/aeroclubdubearn.fr\/index.php\/wp-json\/wp\/v2\/users\/1"}],"replies":[{"embeddable":true,"href":"https:\/\/aeroclubdubearn.fr\/index.php\/wp-json\/wp\/v2\/comments?post=5089"}],"version-history":[{"count":5,"href":"https:\/\/aeroclubdubearn.fr\/index.php\/wp-json\/wp\/v2\/pages\/5089\/revisions"}],"predecessor-version":[{"id":8529,"href":"https:\/\/aeroclubdubearn.fr\/index.php\/wp-json\/wp\/v2\/pages\/5089\/revisions\/8529"}],"wp:attachment":[{"href":"https:\/\/aeroclubdubearn.fr\/index.php\/wp-json\/wp\/v2\/media?parent=5089"}],"curies":[{"name":"wp","href":"https:\/\/api.w.org\/{rel}","templated":true}]}}