{"id":5007,"date":"2022-01-19T07:24:11","date_gmt":"2022-01-19T07:24:11","guid":{"rendered":"https:\/\/nouveau.aeroclubdubearn.fr\/?page_id=5007"},"modified":"2025-11-29T13:56:07","modified_gmt":"2025-11-29T12:56:07","slug":"histoire","status":"publish","type":"page","link":"https:\/\/aeroclubdubearn.fr\/index.php\/association-aeroclub-du-bearn\/histoire\/","title":{"rendered":"HISTOIRE"},"content":{"rendered":"\t\t<div data-elementor-type=\"wp-page\" data-elementor-id=\"5007\" class=\"elementor elementor-5007\">\n\t\t\t\t\t\t<section class=\"elementor-section elementor-top-section elementor-element elementor-element-4ad3d252 elementor-section-full_width elementor-section-height-min-height elementor-section-height-default elementor-section-items-middle\" data-id=\"4ad3d252\" data-element_type=\"section\" data-e-type=\"section\" data-settings=\"{&quot;background_background&quot;:&quot;video&quot;,&quot;background_video_link&quot;:&quot;https:\\\/\\\/aeroclubdubearn.fr\\\/wp-content\\\/uploads\\\/2021\\\/12\\\/D4EO67K.mp4&quot;,&quot;background_video_start&quot;:50,&quot;background_video_end&quot;:90}\">\n\t\t\t\t\t\t\t\t<div class=\"elementor-background-video-container elementor-hidden-mobile\">\n\t\t\t\t\t\t\t\t\t\t\t\t\t<video class=\"elementor-background-video-hosted\" role=\"presentation\" autoplay muted playsinline loop><\/video>\n\t\t\t\t\t\t\t\t\t\t\t<\/div>\n\t\t\t\t\t\t\t\t<div class=\"elementor-container elementor-column-gap-default\">\n\t\t\t\t\t<div class=\"jet-sticky-column-sticky elementor-column elementor-col-100 elementor-top-column elementor-element elementor-element-48449ac\" data-jet-sticky-column-settings=\"{&quot;id&quot;:&quot;48449ac&quot;,&quot;sticky&quot;:true,&quot;topSpacing&quot;:0,&quot;bottomSpacing&quot;:10,&quot;stickyOn&quot;:[&quot;desktop&quot;,&quot;tablet&quot;]}\" data-id=\"48449ac\" data-element_type=\"column\" data-e-type=\"column\">\n\t\t\t<div class=\"elementor-widget-wrap elementor-element-populated\">\n\t\t\t\t\t\t<div class=\"elementor-element elementor-element-53fe4287 elementor-widget-divider--view-line elementor-widget elementor-widget-divider\" data-id=\"53fe4287\" data-element_type=\"widget\" data-e-type=\"widget\" data-widget_type=\"divider.default\">\n\t\t\t\t<div class=\"elementor-widget-container\">\n\t\t\t\t\t\t\t<div class=\"elementor-divider\">\n\t\t\t<span class=\"elementor-divider-separator\">\n\t\t\t\t\t\t<\/span>\n\t\t<\/div>\n\t\t\t\t\t\t<\/div>\n\t\t\t\t<\/div>\n\t\t\t\t<div class=\"elementor-element elementor-element-51d64b9f elementor-widget elementor-widget-heading\" data-id=\"51d64b9f\" data-element_type=\"widget\" data-e-type=\"widget\" data-widget_type=\"heading.default\">\n\t\t\t\t<div class=\"elementor-widget-container\">\n\t\t\t\t\t<h2 class=\"elementor-heading-title elementor-size-default\">HISTOIRE DE l'AEROCLUB DU BEARN<\/h2>\t\t\t\t<\/div>\n\t\t\t\t<\/div>\n\t\t\t\t\t<\/div>\n\t\t<\/div>\n\t\t\t\t\t<\/div>\n\t\t<\/section>\n\t\t\t\t<section class=\"elementor-section elementor-top-section elementor-element elementor-element-808c851 elementor-section-boxed elementor-section-height-default elementor-section-height-default\" data-id=\"808c851\" data-element_type=\"section\" data-e-type=\"section\">\n\t\t\t\t\t\t\t<div class=\"elementor-background-overlay\"><\/div>\n\t\t\t\t\t\t\t<div class=\"elementor-container elementor-column-gap-default\">\n\t\t\t\t\t<div class=\"elementor-column elementor-col-100 elementor-top-column elementor-element elementor-element-0ff1922\" data-id=\"0ff1922\" data-element_type=\"column\" data-e-type=\"column\">\n\t\t\t<div class=\"elementor-widget-wrap elementor-element-populated\">\n\t\t\t\t\t\t<div class=\"elementor-element elementor-element-1e1b0b5 animated-slow elementor-invisible elementor-widget elementor-widget-timeline-widget-addon\" data-id=\"1e1b0b5\" data-element_type=\"widget\" data-e-type=\"widget\" data-settings=\"{&quot;_animation&quot;:&quot;fadeInUp&quot;}\" data-widget_type=\"timeline-widget-addon.default\">\n\t\t\t\t<div class=\"elementor-widget-container\">\n\t\t\t\t\t<!-- ========= Timeline Widget Addon For Elementor 1.6.24 ========= -->\n<div id=\"twae-wrapper-1e1b0b5\" class=\"twae-vertical twae-wrapper  twae-both-sided\">   \n    <div class=\"twae-start\"><\/div>    \n    <div id=\"twea-timeline-1e1b0b5\" class=\"twae-timeline\" ><!-- Start of Story Repeater Content --><div id=\"story-353f653\" class=\"twae-story twae-repeater-item twae-story-right twae-story-no-icon\"><!-- Story Label --><div class=\"twae-labels\"><div class=\"twae-label-big\">1909<\/div><\/div><!-- Story Icon --><div class=\"twae-icon\"><\/div><!-- Story Arrow --><div class=\"twae-arrow\"><\/div><!-- Start of Story Content --><div class=\"twae-content\"><!-- Story Title --><div class=\"twae-title\"> L\u2019h\u00e9ritage<\/div><!-- Story Description --><div class=\"twae-description\"><p>Notre a\u00e9roclub, le plus ancien de France, est l\u2019h\u00e9ritier direct de l\u2019\u00e9pop\u00e9e des fr\u00e8res Wilbur et Orville Wright, qui \u00e0 l\u2019invitation des responsables politiques de l\u2019\u00e9poque, d\u00e9couvrent le B\u00e9arn d\u00e9but 1909, et y fondent la premi\u00e8re \u00e9cole de pilotage au monde sur la lande du Pont-Long\u2026<\/p><p>Le 13 D\u00e9cembre 1908, Paul Tissandier fonde l\u2019A\u00e9roclub du B\u00e9arn et en devient le premier pr\u00e9sident. A cette \u00e9poque, il ne s\u2019agissait pas d\u2019un a\u00e9roclub au sens o\u00f9 on l\u2019entend aujourd\u2019hui : son but \u00e9tait, par d\u00e9l\u00e9gation de l\u2019A\u00e9roclub de France, d\u2019homologuer les records que les fr\u00e8res Wright n\u2019allaient pas manquer de battre en venant \u00e0 Pau.<\/p><p>Par la suite, Pau compta jusqu\u2019\u00e0 trois terrains, l\u2019un \u00e0 Nieuport Astra au Nord de Pau, l\u2019autre \u00e0 l\u2019emplacement actuel de l\u2019hippodrome de Sers et le troisi\u00e8me au Pont-Long.<\/p><p>En 1936, s\u2019ouvre l\u2019\u00e8re de l\u2019aviation dite populaire, l\u2019A\u00e9roclub Charles Mac\u00e9 est fond\u00e9. Ult\u00e9rieurement, une fusion se r\u00e9alise avec l\u2019A\u00e9roclub du B\u00e9arn. Et c\u2019est alors que na\u00eet l\u2019a\u00e9rodrome de Pau-Idron. Pour l\u2019anecdote, ce terrain \u00e9tait utilis\u00e9 pour des tirs aux pigeons.<\/p><\/div><\/div><\/div><!-- Start of Story Repeater Content --><div id=\"story-cb60171\" class=\"twae-story twae-repeater-item twae-story-left twae-story-no-icon\"><!-- Story Label --><div class=\"twae-labels\"><div class=\"twae-label-big\">1939-1945<\/div><\/div><!-- Story Icon --><div class=\"twae-icon\"><\/div><!-- Story Arrow --><div class=\"twae-arrow\"><\/div><!-- Start of Story Content --><div class=\"twae-content\"><!-- Story Title --><div class=\"twae-title\">La guerre<\/div><!-- Story Description --><div class=\"twae-description\"><p>Lorsque d\u00e9bute la seconde guerre mondiale, l\u2019autorit\u00e9 militaire r\u00e9quisitionne le terrain pour en faire un d\u00e9p\u00f4t. L\u2019a\u00e9roclub doit attendre des jours meilleurs.<\/p><p>En 1945, d\u00e8s la fin de la guerre, celui-ci repart \u00e0 z\u00e9ro et s\u2019installe sur l\u2019a\u00e9rodrome du Pont-Long, mais la cohabitation avec les militaires s\u2019av\u00e8re difficile. Il faut alors patienter trois ans avant de revenir sur le terrain de Pau-Idron devenu entre temps un camp d\u2019\u00e9ducation physique. Son activit\u00e9 croissant, la piste est port\u00e9e de 600 m\u00e8tres \u00e0 pr\u00e8s de 1200 m\u00e8tres et 200 m\u00e8tres de large. La flotte passe de 2 \u00e0 30 avions. Les sections a\u00e9romod\u00e9lisme, parachutisme et vol \u00e0 voile sont cr\u00e9\u00e9es.<\/p><\/div><\/div><\/div><!-- Start of Story Repeater Content --><div id=\"story-f51bb00\" class=\"twae-story twae-repeater-item twae-story-right twae-story-no-icon\"><!-- Story Label --><div class=\"twae-labels\"><div class=\"twae-label-big\">1979<\/div><\/div><!-- Story Icon --><div class=\"twae-icon\"><i aria-hidden=\"true\" class=\"far fa-clock\"><\/i><\/div><!-- Story Arrow --><div class=\"twae-arrow\"><\/div><!-- Start of Story Content --><div class=\"twae-content\"><!-- Story Title --><div class=\"twae-title\">Quelques turbulences<\/div><!-- Story Description --><div class=\"twae-description\"><p>A la fin des ann\u00e9es 70, les riverains manifestant contre les nuisances, la municipalit\u00e9 d\u00e9cide de r\u00e9cup\u00e9rer le terrain d\u2019Idron qui ferme le 31 d\u00e9cembre 1979. L\u2019a\u00e9roclub est oblig\u00e9 de d\u00e9m\u00e9nager \u00e0 nouveau et s\u2019installe sur l\u2019a\u00e9rodrome de Pau-Uzein.<\/p><p>En attendant que les infrastructures soient construites, les avions s\u00e9journent \u00e0 la belle \u00e9toile. Une caravane fait office de Club-House. Les activit\u00e9s parachutistes d\u00e9m\u00e9nagent \u00e0 Lasclaveries o\u00f9 une piste est cr\u00e9\u00e9e, les planeurs s\u2019installent sur l\u2019a\u00e9rodrome d\u2019Oloron et la section a\u00e9romod\u00e9lisme fait voler ses maquettes sur la zone de Wright, actuellement au sud de la piste.<\/p><\/div><\/div><\/div><!-- Start of Story Repeater Content --><div id=\"story-f653941\" class=\"twae-story twae-repeater-item twae-story-left twae-story-no-icon\"><!-- Story Icon --><div class=\"twae-icon\"><i aria-hidden=\"true\" class=\"far fa-clock\"><\/i><\/div><!-- Story Arrow --><div class=\"twae-arrow\"><\/div><!-- Start of Story Content --><div class=\"twae-content\"><!-- Story Title --><div class=\"twae-title\">Aujourd'hui<\/div><!-- Story Description --><div class=\"twae-description\"><p>\u00a0<\/p><p>L\u2019A\u00e9roclub du B\u00e9arn est implant\u00e9 sur la plateforme de Pau-Pyr\u00e9n\u00e9es. Il dispose d\u2019un club-house, d\u2019un hangar et d\u2019un parking privatif.<\/p><p><img fetchpriority=\"high\" decoding=\"async\" class=\"size-medium wp-image-4746 alignleft\" src=\"https:\/\/aeroclubdubearn.fr\/wp-content\/uploads\/2022\/01\/IMG_9541-300x225.jpg\" alt=\"\" width=\"300\" height=\"225\" \/><\/p><p><img decoding=\"async\" class=\"size-full wp-image-5002 alignleft\" src=\"https:\/\/aeroclubdubearn.fr\/wp-content\/uploads\/2022\/01\/P_20160318_182001-300x225-1.jpg\" alt=\"\" width=\"300\" height=\"225\" \/><\/p><\/div><\/div><\/div><\/div>\n    <div class=\"twae-end\"><\/div>\n    <\/div><style type=\"text\/css\">.elementor-5007 .elementor-element.elementor-element-1e1b0b5 .twae-wrapper.twae-vertical .twae-story{margin-bottom:60px!important}.elementor-5007 .elementor-element.elementor-element-1e1b0b5 .twae-wrapper{--tw-cbx-title-color:#020101;}.elementor-5007 .elementor-element.elementor-element-1e1b0b5 .twae-wrapper{--tw-lbl-big-color:#5152EF;}.elementor-5007 .elementor-element.elementor-element-1e1b0b5 .twae-wrapper{--tw-cbx-des-color:#000000;}.elementor-5007 .elementor-element.elementor-element-1e1b0b5 .twae-wrapper{--tw-ibx-bg:#628DD4;}.elementor-5007 .elementor-element.elementor-element-1e1b0b5 .twae-wrapper{--tw-cbx-bg:#02010100}.elementor-5007 .elementor-element.elementor-element-1e1b0b5 .twae-wrapper{--tw-line-bg:#E4AE49}@media (max-width: 1024px){ .twae-wrapper{--tw-ybx-size: 80px !important;}}@media (max-width: 767px){ .twae-wrapper{--tw-ybx-size: 80px !important}}<\/style>\t\t\t\t<\/div>\n\t\t\t\t<\/div>\n\t\t\t\t\t<\/div>\n\t\t<\/div>\n\t\t\t\t\t<\/div>\n\t\t<\/section>\n\t\t\t\t<\/div>\n\t\t","protected":false},"excerpt":{"rendered":"<p>HISTOIRE DE l&#8217;AEROCLUB DU BEARN 1909 L\u2019h\u00e9ritage Notre a\u00e9roclub, le plus ancien de France, est l\u2019h\u00e9ritier direct de l\u2019\u00e9pop\u00e9e des fr\u00e8res Wilbur et Orville Wright, qui \u00e0&hellip;<\/p>\n<p> <a class=\"more-link\" href=\"https:\/\/aeroclubdubearn.fr\/index.php\/association-aeroclub-du-bearn\/histoire\/\">Lire la suite<\/a><\/p>\n","protected":false},"author":1,"featured_media":0,"parent":1238,"menu_order":0,"comment_status":"closed","ping_status":"closed","template":"","meta":{"advgb_blocks_editor_width":"","advgb_blocks_columns_visual_guide":"","footnotes":""},"class_list":["post-5007","page","type-page","status-publish"],"coauthors":[],"author_meta":{"author_link":"https:\/\/aeroclubdubearn.fr\/index.php\/author\/admin\/","display_name":"admin"},"relative_dates":{"created":"Publi\u00e9 4 ans il y a","modified":"Mis \u00e0 jour 5 mois il y a"},"absolute_dates":{"created":"Publi\u00e9 le 19 janvier 2022","modified":"Mise \u00e0 jour le 29 novembre 2025"},"absolute_dates_time":{"created":"Publi\u00e9 le 19 janvier 2022 7:24 am","modified":"Mise \u00e0 jour le 29 novembre 2025 1:56 pm"},"featured_img_caption":"","featured_img":false,"series_order":"","_links":{"self":[{"href":"https:\/\/aeroclubdubearn.fr\/index.php\/wp-json\/wp\/v2\/pages\/5007","targetHints":{"allow":["GET"]}}],"collection":[{"href":"https:\/\/aeroclubdubearn.fr\/index.php\/wp-json\/wp\/v2\/pages"}],"about":[{"href":"https:\/\/aeroclubdubearn.fr\/index.php\/wp-json\/wp\/v2\/types\/page"}],"author":[{"embeddable":true,"href":"https:\/\/aeroclubdubearn.fr\/index.php\/wp-json\/wp\/v2\/users\/1"}],"replies":[{"embeddable":true,"href":"https:\/\/aeroclubdubearn.fr\/index.php\/wp-json\/wp\/v2\/comments?post=5007"}],"version-history":[{"count":13,"href":"https:\/\/aeroclubdubearn.fr\/index.php\/wp-json\/wp\/v2\/pages\/5007\/revisions"}],"predecessor-version":[{"id":5023,"href":"https:\/\/aeroclubdubearn.fr\/index.php\/wp-json\/wp\/v2\/pages\/5007\/revisions\/5023"}],"up":[{"embeddable":true,"href":"https:\/\/aeroclubdubearn.fr\/index.php\/wp-json\/wp\/v2\/pages\/1238"}],"wp:attachment":[{"href":"https:\/\/aeroclubdubearn.fr\/index.php\/wp-json\/wp\/v2\/media?parent=5007"}],"curies":[{"name":"wp","href":"https:\/\/api.w.org\/{rel}","templated":true}]}}