{"id":4532,"date":"2022-01-14T12:31:17","date_gmt":"2022-01-14T12:31:17","guid":{"rendered":"https:\/\/nouveau.aeroclubdubearn.fr\/?page_id=4532"},"modified":"2025-11-29T13:56:09","modified_gmt":"2025-11-29T12:56:09","slug":"f-hndi","status":"publish","type":"page","link":"https:\/\/aeroclubdubearn.fr\/index.php\/flotte-de-laeroclub\/f-hndi\/","title":{"rendered":"F-HNDI"},"content":{"rendered":"\t\t<div data-elementor-type=\"wp-page\" data-elementor-id=\"4532\" class=\"elementor elementor-4532\">\n\t\t\t\t\t\t<section class=\"elementor-section elementor-top-section elementor-element elementor-element-486d88c elementor-section-full_width elementor-section-height-min-height elementor-section-height-default elementor-section-items-middle\" data-id=\"486d88c\" data-element_type=\"section\" data-e-type=\"section\" data-settings=\"{&quot;background_background&quot;:&quot;classic&quot;}\">\n\t\t\t\t\t\t<div class=\"elementor-container elementor-column-gap-default\">\n\t\t\t\t\t<div class=\"jet-sticky-column-sticky elementor-column elementor-col-100 elementor-top-column elementor-element elementor-element-ffc5577\" data-jet-sticky-column-settings=\"{&quot;id&quot;:&quot;ffc5577&quot;,&quot;sticky&quot;:true,&quot;topSpacing&quot;:0,&quot;bottomSpacing&quot;:10,&quot;stickyOn&quot;:[&quot;desktop&quot;,&quot;tablet&quot;]}\" data-id=\"ffc5577\" data-element_type=\"column\" data-e-type=\"column\">\n\t\t\t<div class=\"elementor-widget-wrap elementor-element-populated\">\n\t\t\t\t\t\t<div class=\"elementor-element elementor-element-46f32f1f elementor-widget-divider--view-line elementor-widget elementor-widget-divider\" data-id=\"46f32f1f\" data-element_type=\"widget\" data-e-type=\"widget\" data-widget_type=\"divider.default\">\n\t\t\t\t<div class=\"elementor-widget-container\">\n\t\t\t\t\t\t\t<div class=\"elementor-divider\">\n\t\t\t<span class=\"elementor-divider-separator\">\n\t\t\t\t\t\t<\/span>\n\t\t<\/div>\n\t\t\t\t\t\t<\/div>\n\t\t\t\t<\/div>\n\t\t\t\t<div class=\"elementor-element elementor-element-347340fa elementor-widget elementor-widget-heading\" data-id=\"347340fa\" data-element_type=\"widget\" data-e-type=\"widget\" data-widget_type=\"heading.default\">\n\t\t\t\t<div class=\"elementor-widget-container\">\n\t\t\t\t\t<h2 class=\"elementor-heading-title elementor-size-default\">F-HNDI<\/h2>\t\t\t\t<\/div>\n\t\t\t\t<\/div>\n\t\t\t\t\t<\/div>\n\t\t<\/div>\n\t\t\t\t\t<\/div>\n\t\t<\/section>\n\t\t\t\t<section class=\"elementor-section elementor-top-section elementor-element elementor-element-ee4f88d elementor-section-boxed elementor-section-height-default elementor-section-height-default elementor-invisible\" data-id=\"ee4f88d\" data-element_type=\"section\" data-e-type=\"section\" data-settings=\"{&quot;animation&quot;:&quot;fadeInUp&quot;}\">\n\t\t\t\t\t\t<div class=\"elementor-container elementor-column-gap-default\">\n\t\t\t\t\t<div class=\"elementor-column elementor-col-100 elementor-top-column elementor-element elementor-element-5ac88af\" data-id=\"5ac88af\" data-element_type=\"column\" data-e-type=\"column\">\n\t\t\t<div class=\"elementor-widget-wrap elementor-element-populated\">\n\t\t\t\t\t\t<div class=\"elementor-element elementor-element-bd69bcf elementor-widget elementor-widget-text-editor\" data-id=\"bd69bcf\" data-element_type=\"widget\" data-e-type=\"widget\" data-widget_type=\"text-editor.default\">\n\t\t\t\t<div class=\"elementor-widget-container\">\n\t\t\t\t\t\t\t\t\t<h2>Caract\u00e9ristiques &amp; Performances<\/h2><div class=\"row enigma_md_halfpage\"><div class=\"col-md-6\"><ul><li title=\"\" data-original-title=\"\"><strong>Marque et type :<\/strong>\u00a0Robin DR 401-140B<\/li><li title=\"\" data-original-title=\"\"><strong>Immatriculation :<\/strong>\u00a0F-HNDI<\/li><li title=\"\" data-original-title=\"\"><strong>N\u00b0 de S\u00e9rie:<\/strong>\u00a02663<\/li><li title=\"\" data-original-title=\"\"><strong>Ann\u00e9e de construction :<\/strong>\u00a02013<\/li><li title=\"\" data-original-title=\"\"><strong>Nombre de places :<\/strong>\u00a04<\/li><\/ul><\/div><div class=\"col-md-6\"><ul><li title=\"\" data-original-title=\"\"><strong>Envergure :<\/strong>\u00a08,72 m\u00e8tres<\/li><li title=\"\" data-original-title=\"\"><strong>Hauteur :<\/strong>\u00a02,23 m\u00e8tres<\/li><li title=\"\" data-original-title=\"\"><strong>Longueur :<\/strong>\u00a07,20 m\u00e8tres<\/li><li title=\"\" data-original-title=\"\"><strong>Vitesse de croisi\u00e8re :<\/strong>\u00a0130 kt ~ 240km\/h<\/li><li title=\"\" data-original-title=\"\"><strong>Distance franchissable :<\/strong>\u00a0800 Nm ~1500 km<\/li><li title=\"\" data-original-title=\"\"><strong>Moteur :<\/strong>\u00a0Continental CDI155<\/li><li title=\"\" data-original-title=\"\"><strong>Carburant :<\/strong>\u00a0Jet A1 et\/ou Diesel<\/li><\/ul><\/div><\/div>\t\t\t\t\t\t\t\t<\/div>\n\t\t\t\t<\/div>\n\t\t\t\t\t<\/div>\n\t\t<\/div>\n\t\t\t\t\t<\/div>\n\t\t<\/section>\n\t\t\t\t<section class=\"elementor-section elementor-top-section elementor-element elementor-element-a9ea115 elementor-section-boxed elementor-section-height-default elementor-section-height-default elementor-invisible\" data-id=\"a9ea115\" data-element_type=\"section\" data-e-type=\"section\" data-settings=\"{&quot;animation&quot;:&quot;fadeInUp&quot;}\">\n\t\t\t\t\t\t<div class=\"elementor-container elementor-column-gap-default\">\n\t\t\t\t\t<div class=\"elementor-column elementor-col-100 elementor-top-column elementor-element elementor-element-255cfe3\" data-id=\"255cfe3\" data-element_type=\"column\" data-e-type=\"column\">\n\t\t\t<div class=\"elementor-widget-wrap elementor-element-populated\">\n\t\t\t\t\t\t<div class=\"elementor-element elementor-element-48dd659 elementor-widget elementor-widget-text-editor\" data-id=\"48dd659\" data-element_type=\"widget\" data-e-type=\"widget\" data-widget_type=\"text-editor.default\">\n\t\t\t\t<div class=\"elementor-widget-container\">\n\t\t\t\t\t\t\t\t\t<div class=\"enigma_blog_post_content\"><h2>Robin DR400 CDI155 F-HNDI<\/h2><p>F-HNDI est arriv\u00e9 \u00e0 l\u2019A\u00e9roclub du B\u00e9arn en Octobre\u00a02016. Il est \u00e9quip\u00e9 d\u2019un moteur diesel turbocompress\u00e9, certifi\u00e9 IFR avec un pilote automatique coupl\u00e9 au GTN650.<\/p><\/div>\t\t\t\t\t\t\t\t<\/div>\n\t\t\t\t<\/div>\n\t\t\t\t\t<\/div>\n\t\t<\/div>\n\t\t\t\t\t<\/div>\n\t\t<\/section>\n\t\t\t\t<section class=\"elementor-section elementor-top-section elementor-element elementor-element-b1c86cb elementor-section-boxed elementor-section-height-default elementor-section-height-default\" data-id=\"b1c86cb\" data-element_type=\"section\" data-e-type=\"section\">\n\t\t\t\t\t\t<div class=\"elementor-container elementor-column-gap-default\">\n\t\t\t\t\t<div class=\"elementor-column elementor-col-100 elementor-top-column elementor-element elementor-element-236c66e\" data-id=\"236c66e\" data-element_type=\"column\" data-e-type=\"column\">\n\t\t\t<div class=\"elementor-widget-wrap elementor-element-populated\">\n\t\t\t\t\t\t<div class=\"elementor-element elementor-element-de45625 elementor-widget elementor-widget-eael-adv-accordion\" data-id=\"de45625\" data-element_type=\"widget\" data-e-type=\"widget\" data-widget_type=\"eael-adv-accordion.default\">\n\t\t\t\t<div class=\"elementor-widget-container\">\n\t\t\t\t\t            <div class=\"eael-adv-accordion\" id=\"eael-adv-accordion-de45625\" data-scroll-on-click=\"no\" data-scroll-speed=\"300\" data-accordion-id=\"de45625\" data-accordion-type=\"accordion\" data-toogle-speed=\"300\">\n            <div class=\"eael-accordion-list\">\n\t\t\t\t\t<div id=\"cot-heure-de-vol\" class=\"elementor-tab-title eael-accordion-header\" tabindex=\"0\" data-tab=\"1\" aria-controls=\"elementor-tab-content-2331\"><span class=\"eael-advanced-accordion-icon-closed\"><i aria-hidden=\"true\" class=\"fa-accordion-icon fas fa-plus\"><\/i><\/span><span class=\"eael-advanced-accordion-icon-opened\"><i aria-hidden=\"true\" class=\"fa-accordion-icon fas fa-minus\"><\/i><\/span><span class=\"eael-accordion-tab-title\">Co\u00fbt heure de vol<\/span><i aria-hidden=\"true\" class=\"fa-toggle fas fa-angle-right\"><\/i><\/div><div id=\"elementor-tab-content-2331\" class=\"eael-accordion-content clearfix\" data-tab=\"1\" aria-labelledby=\"cot-heure-de-vol\"><style><\/style>\t\t<div data-elementor-type=\"section\" data-elementor-id=\"7328\" class=\"elementor elementor-7328\">\n\t\t\t\t\t\t<section class=\"elementor-section elementor-top-section elementor-element elementor-element-60b2f77b elementor-section-boxed elementor-section-height-default elementor-section-height-default\" data-id=\"60b2f77b\" data-element_type=\"section\" data-e-type=\"section\">\n\t\t\t\t\t\t<div class=\"elementor-container elementor-column-gap-default\">\n\t\t\t\t\t<div class=\"elementor-column elementor-col-100 elementor-top-column elementor-element elementor-element-6fd65918\" data-id=\"6fd65918\" data-element_type=\"column\" data-e-type=\"column\">\n\t\t\t<div class=\"elementor-widget-wrap elementor-element-populated\">\n\t\t\t\t\t\t<div class=\"elementor-element elementor-element-70b3ba6a elementor-widget elementor-widget-shortcode\" data-id=\"70b3ba6a\" data-element_type=\"widget\" data-e-type=\"widget\" data-widget_type=\"shortcode.default\">\n\t\t\t\t<div class=\"elementor-widget-container\">\n\t\t\t\t\t\t\t<div class=\"elementor-shortcode\">\n<table id=\"tablepress-4\" class=\"tablepress tablepress-id-4\">\n<thead>\n<tr class=\"row-1\">\n\t<th class=\"column-1\">Prix heure de vol solo: 234 \u20ac<\/th>\n<\/tr>\n<\/thead>\n<tbody class=\"row-striping row-hover\">\n<\/tbody>\n<\/table>\n<!-- #tablepress-4 from cache --><\/div>\n\t\t\t\t\t\t<\/div>\n\t\t\t\t<\/div>\n\t\t\t\t\t<\/div>\n\t\t<\/div>\n\t\t\t\t\t<\/div>\n\t\t<\/section>\n\t\t\t\t<\/div>\n\t\t<\/div>\n\t\t\t\t\t<\/div><\/div>\t\t\t\t<\/div>\n\t\t\t\t<\/div>\n\t\t\t\t\t<\/div>\n\t\t<\/div>\n\t\t\t\t\t<\/div>\n\t\t<\/section>\n\t\t\t\t<\/div>\n\t\t","protected":false},"excerpt":{"rendered":"<p>F-HNDI Caract\u00e9ristiques &amp; Performances Marque et type :\u00a0Robin DR 401-140B Immatriculation :\u00a0F-HNDI N\u00b0 de S\u00e9rie:\u00a02663 Ann\u00e9e de construction :\u00a02013 Nombre de places :\u00a04 Envergure :\u00a08,72 m\u00e8tres Hauteur&hellip;<\/p>\n<p> <a class=\"more-link\" href=\"https:\/\/aeroclubdubearn.fr\/index.php\/flotte-de-laeroclub\/f-hndi\/\">Lire la suite<\/a><\/p>\n","protected":false},"author":1,"featured_media":0,"parent":1241,"menu_order":0,"comment_status":"closed","ping_status":"closed","template":"","meta":{"advgb_blocks_editor_width":"","advgb_blocks_columns_visual_guide":"","footnotes":""},"class_list":["post-4532","page","type-page","status-publish"],"coauthors":[],"author_meta":{"author_link":"https:\/\/aeroclubdubearn.fr\/index.php\/author\/admin\/","display_name":"admin"},"relative_dates":{"created":"Publi\u00e9 4 ans il y a","modified":"Mis \u00e0 jour 5 mois il y a"},"absolute_dates":{"created":"Publi\u00e9 le 14 janvier 2022","modified":"Mise \u00e0 jour le 29 novembre 2025"},"absolute_dates_time":{"created":"Publi\u00e9 le 14 janvier 2022 12:31 pm","modified":"Mise \u00e0 jour le 29 novembre 2025 1:56 pm"},"featured_img_caption":"","featured_img":false,"series_order":"","_links":{"self":[{"href":"https:\/\/aeroclubdubearn.fr\/index.php\/wp-json\/wp\/v2\/pages\/4532","targetHints":{"allow":["GET"]}}],"collection":[{"href":"https:\/\/aeroclubdubearn.fr\/index.php\/wp-json\/wp\/v2\/pages"}],"about":[{"href":"https:\/\/aeroclubdubearn.fr\/index.php\/wp-json\/wp\/v2\/types\/page"}],"author":[{"embeddable":true,"href":"https:\/\/aeroclubdubearn.fr\/index.php\/wp-json\/wp\/v2\/users\/1"}],"replies":[{"embeddable":true,"href":"https:\/\/aeroclubdubearn.fr\/index.php\/wp-json\/wp\/v2\/comments?post=4532"}],"version-history":[{"count":22,"href":"https:\/\/aeroclubdubearn.fr\/index.php\/wp-json\/wp\/v2\/pages\/4532\/revisions"}],"predecessor-version":[{"id":7686,"href":"https:\/\/aeroclubdubearn.fr\/index.php\/wp-json\/wp\/v2\/pages\/4532\/revisions\/7686"}],"up":[{"embeddable":true,"href":"https:\/\/aeroclubdubearn.fr\/index.php\/wp-json\/wp\/v2\/pages\/1241"}],"wp:attachment":[{"href":"https:\/\/aeroclubdubearn.fr\/index.php\/wp-json\/wp\/v2\/media?parent=4532"}],"curies":[{"name":"wp","href":"https:\/\/api.w.org\/{rel}","templated":true}]}}