{"id":4104,"date":"2021-12-30T11:48:06","date_gmt":"2021-12-30T11:48:06","guid":{"rendered":"https:\/\/nouveau.aeroclubdubearn.fr\/?page_id=4104"},"modified":"2025-11-29T13:56:09","modified_gmt":"2025-11-29T12:56:09","slug":"cb-ir","status":"publish","type":"page","link":"https:\/\/aeroclubdubearn.fr\/index.php\/formations-ato-nxxxxxx\/cb-ir\/","title":{"rendered":"CB.IR"},"content":{"rendered":"\t\t<div data-elementor-type=\"wp-page\" data-elementor-id=\"4104\" class=\"elementor elementor-4104\">\n\t\t\t\t\t\t<section class=\"elementor-section elementor-top-section elementor-element elementor-element-2ff4f32d elementor-section-full_width elementor-section-height-min-height elementor-section-height-default elementor-section-items-middle\" data-id=\"2ff4f32d\" data-element_type=\"section\" data-e-type=\"section\" data-settings=\"{&quot;background_background&quot;:&quot;video&quot;,&quot;background_video_link&quot;:&quot;https:\\\/\\\/aeroclubdubearn.fr\\\/wp-content\\\/uploads\\\/2021\\\/12\\\/D4EO67K.mp4&quot;,&quot;background_video_start&quot;:50,&quot;background_video_end&quot;:90,&quot;background_play_on_mobile&quot;:&quot;yes&quot;}\">\n\t\t\t\t\t\t\t\t<div class=\"elementor-background-video-container\">\n\t\t\t\t\t\t\t\t\t\t\t\t\t<video class=\"elementor-background-video-hosted\" role=\"presentation\" autoplay muted playsinline loop><\/video>\n\t\t\t\t\t\t\t\t\t\t\t<\/div>\n\t\t\t\t\t\t\t\t<div class=\"elementor-container elementor-column-gap-default\">\n\t\t\t\t\t<div class=\"jet-sticky-column-sticky elementor-column elementor-col-100 elementor-top-column elementor-element elementor-element-3974bedc\" data-jet-sticky-column-settings=\"{&quot;id&quot;:&quot;3974bedc&quot;,&quot;sticky&quot;:true,&quot;topSpacing&quot;:0,&quot;bottomSpacing&quot;:10,&quot;stickyOn&quot;:[&quot;desktop&quot;,&quot;tablet&quot;]}\" data-id=\"3974bedc\" data-element_type=\"column\" data-e-type=\"column\">\n\t\t\t<div class=\"elementor-widget-wrap elementor-element-populated\">\n\t\t\t\t\t\t<div class=\"elementor-element elementor-element-836145 elementor-widget-divider--view-line elementor-widget elementor-widget-divider\" data-id=\"836145\" data-element_type=\"widget\" data-e-type=\"widget\" data-widget_type=\"divider.default\">\n\t\t\t\t<div class=\"elementor-widget-container\">\n\t\t\t\t\t\t\t<div class=\"elementor-divider\">\n\t\t\t<span class=\"elementor-divider-separator\">\n\t\t\t\t\t\t<\/span>\n\t\t<\/div>\n\t\t\t\t\t\t<\/div>\n\t\t\t\t<\/div>\n\t\t\t\t<div class=\"elementor-element elementor-element-494b2cd8 elementor-widget elementor-widget-heading\" data-id=\"494b2cd8\" data-element_type=\"widget\" data-e-type=\"widget\" data-widget_type=\"heading.default\">\n\t\t\t\t<div class=\"elementor-widget-container\">\n\t\t\t\t\t<h2 class=\"elementor-heading-title elementor-size-default\">CB.IR<\/h2>\t\t\t\t<\/div>\n\t\t\t\t<\/div>\n\t\t\t\t\t<\/div>\n\t\t<\/div>\n\t\t\t\t\t<\/div>\n\t\t<\/section>\n\t\t\t\t<section class=\"elementor-section elementor-top-section elementor-element elementor-element-3e2bde2 elementor-section-boxed elementor-section-height-default elementor-section-height-default\" data-id=\"3e2bde2\" data-element_type=\"section\" data-e-type=\"section\">\n\t\t\t\t\t\t<div class=\"elementor-container elementor-column-gap-default\">\n\t\t\t\t\t<div class=\"elementor-column elementor-col-100 elementor-top-column elementor-element elementor-element-3cc3dec\" data-id=\"3cc3dec\" data-element_type=\"column\" data-e-type=\"column\">\n\t\t\t<div class=\"elementor-widget-wrap elementor-element-populated\">\n\t\t\t\t\t\t<div class=\"elementor-element elementor-element-d12b3b1 elementor-invisible elementor-widget elementor-widget-text-editor\" data-id=\"d12b3b1\" data-element_type=\"widget\" data-e-type=\"widget\" data-settings=\"{&quot;_animation&quot;:&quot;fadeInUp&quot;}\" data-widget_type=\"text-editor.default\">\n\t\t\t\t<div class=\"elementor-widget-container\">\n\t\t\t\t\t\t\t\t\t<h4><strong>FORMATION CB.IR<br \/><\/strong><\/h4>\t\t\t\t\t\t\t\t<\/div>\n\t\t\t\t<\/div>\n\t\t\t\t<div class=\"elementor-element elementor-element-09b9f4f elementor-invisible elementor-widget elementor-widget-eael-adv-tabs\" data-id=\"09b9f4f\" data-element_type=\"widget\" data-e-type=\"widget\" data-settings=\"{&quot;_animation&quot;:&quot;fadeInUp&quot;}\" data-widget_type=\"eael-adv-tabs.default\">\n\t\t\t\t<div class=\"elementor-widget-container\">\n\t\t\t\t\t        <div data-scroll-on-click=\"no\" data-scroll-speed=\"300\" id=\"eael-advance-tabs-09b9f4f\" class=\"eael-advance-tabs eael-tabs-horizontal eael-tab-auto-active \" data-tabid=\"09b9f4f\">\n            <div class=\"eael-tabs-nav \">\n                <ul class=\"eael-tab-inline-icon\" role=\"tablist\">\n                                            <li id=\"preambule\" class=\"inactive eael-tab-item-trigger eael-tab-nav-item\" aria-selected=\"true\" data-tab=\"1\" role=\"tab\" tabindex=\"0\" aria-controls=\"preambule-tab\" aria-expanded=\"false\">\n                            \n                                                        \n                                                            <span class=\"eael-tab-title title-after-icon\" >PREAMBULE<\/span>                            \n                                                    <\/li>\n                                            <li id=\"obtention\" class=\"inactive eael-tab-item-trigger eael-tab-nav-item\" aria-selected=\"false\" data-tab=\"2\" role=\"tab\" tabindex=\"-1\" aria-controls=\"obtention-tab\" aria-expanded=\"false\">\n                            \n                                                        \n                                                            <span class=\"eael-tab-title title-after-icon\" >OBTENTION<\/span>                            \n                                                    <\/li>\n                                            <li id=\"pre-requis-reglementaires\" class=\"inactive eael-tab-item-trigger eael-tab-nav-item\" aria-selected=\"false\" data-tab=\"3\" role=\"tab\" tabindex=\"-1\" aria-controls=\"pre-requis-reglementaires-tab\" aria-expanded=\"false\">\n                            \n                                                        \n                                                            <span class=\"eael-tab-title title-after-icon\" >PRE-REQUIS REGLEMENTAIRES<\/span>                            \n                                                    <\/li>\n                    \n                                  <\/ul>\n            <\/div>\n            \n            <div class=\"eael-tabs-content\">\n\t\t        \n                    <div id=\"preambule-tab\" class=\"clearfix eael-tab-content-item inactive\" data-title-link=\"preambule-tab\">\n\t\t\t\t        <p>Le 13 d\u00e9cembre 2018, l\u2019A\u00e9roclub du B\u00e9arn a re\u00e7u\u00a0la <a href=\"https:\/\/aeroclubdubearn.fr\/wp-content\/uploads\/2021\/09\/20210908_Certificat-ATO-Aeroclub-du-Bearn.pdf\" target=\"_blank\" rel=\"noopener noreferrer\">certification ATO<\/a> avec le privil\u00e8ge de pouvoir alors dispenser en totalit\u00e9 les formations IFR \u00a0<a href=\"https:\/\/aeroclubdubearn.fr\/wp-content\/uploads\/2020\/12\/Formation-CB.IR-PBN-29dec20.pdf\" target=\"_blank\" rel=\"noopener noreferrer\">CB.IR<\/a> et FN.IR. En 2019, nous avons obtenu l\u2019approbation pour les formations EIR.<\/p><p>Depuis le 08 septembre 2021, les qualifications EIR et FN.IR n\u2019existent plus<\/p><p>Des conventions seront \u00e9tablies entre l\u2019ATO A\u00e9roclub du B\u00e9arn et tous les stagiaires IR.<\/p><p>Une convention de partenariat sera \u00e9tablie entre l\u2019ATO A\u00e9roclub du B\u00e9arn et tous les a\u00e9roclubs partenaires non ATO d\u00e9sirant appliquer notre programme d\u00e8s le d\u00e9but de leur formation IR.<\/p><p>Nous pouvons aussi\u00a0effectuer <a href=\"https:\/\/aeroclubdubearn.fr\/wp-content\/uploads\/2020\/12\/Fin-de-formation-CB.IR-PBN-en-ATO-29Dec20.pdf\" target=\"_blank\" rel=\"noopener noreferrer\">les fins de formation CB.IR<\/a>\u00a0 ayant d\u00e9but\u00e9 hors ATO.<\/p><p>\u00a0<\/p>                    <\/div>\n\t\t        \n                    <div id=\"obtention-tab\" class=\"clearfix eael-tab-content-item inactive\" data-title-link=\"obtention-tab\">\n\t\t\t\t        <p>La formation est dispens\u00e9e dans le cadre de notre structure ATO.<\/p><p>Pour pouvoir effectuer les formations IR, nous avons trois avions DR400 Glasscockpit certifi\u00e9s IFR et nous avons qualifi\u00e9 quatre instructeurs IRI. Notre flotte IFR est compos\u00e9e de :<\/p><ul><li>Un DR420 IFR \u00a0Glasscockpit \u00e9quip\u00e9 avec un Garmin 500 coupl\u00e9 \u00e0 un GPS Garmin GTN650<\/li><li>Deux DR400 diesels IFR Glasscockpit\u00a0\u00e9quip\u00e9s\u00a0d\u2019un pilote automatique et d\u2019un Garmin 500 coupl\u00e9 \u00e0 un GPS Garmin GTN650. Un de ces 2 avions est \u00e9quip\u00e9 du GTN750 et d\u2019un syst\u00e8me anticollision (TAS de Garmin).<\/li><li>Un TB20 IFR FIKI, Glasscockpit avec un Garmin G500 coupl\u00e9 \u00e0 deux syst\u00e8mes RNAV GNS530 et 430<\/li><\/ul><p>Nous pouvons aussi effectuer des formations sur des avions externes <a href=\"https:\/\/aeroclubdubearn.fr\/wp-content\/uploads\/2019\/05\/Int\u00e9gration-avion-externe-dans-flotte-ATO_26May19.pdf\" target=\"_blank\" rel=\"noopener noreferrer\">sous conditions<\/a><\/p>                    <\/div>\n\t\t        \n                    <div id=\"pre-requis-reglementaires-tab\" class=\"clearfix eael-tab-content-item inactive\" data-title-link=\"pre-requis-reglementaires-tab\">\n\t\t\t\t        <ul><li>Licence PPL<\/li><li>50h Cdb en campagne<\/li><li>Habilitation ou Qualification Vol de Nuit<\/li><li>D\u00e9tenir le certificat d\u2019aptitude aux \u00e9preuves th\u00e9oriques de l\u2019examen \u00ab\u00a0Qualification de vol aux instruments Part-FCL Aircrew (IR)\u00a0\u00bb<\/li><li>Comp\u00e9tence Linguistique Anglaise IFR (FCL055)<\/li><\/ul>                    <\/div>\n\t\t                    <\/div>\n        <\/div>\n\t\t\t\t<\/div>\n\t\t\t\t<\/div>\n\t\t\t\t<div class=\"elementor-element elementor-element-a1ace51 elementor-widget elementor-widget-spacer\" data-id=\"a1ace51\" data-element_type=\"widget\" data-e-type=\"widget\" data-widget_type=\"spacer.default\">\n\t\t\t\t<div class=\"elementor-widget-container\">\n\t\t\t\t\t\t\t<div class=\"elementor-spacer\">\n\t\t\t<div class=\"elementor-spacer-inner\"><\/div>\n\t\t<\/div>\n\t\t\t\t\t\t<\/div>\n\t\t\t\t<\/div>\n\t\t\t\t<div class=\"elementor-element elementor-element-18202b5 elementor-invisible elementor-widget elementor-widget-eael-adv-tabs\" data-id=\"18202b5\" data-element_type=\"widget\" data-e-type=\"widget\" data-settings=\"{&quot;_animation&quot;:&quot;fadeInUp&quot;}\" data-widget_type=\"eael-adv-tabs.default\">\n\t\t\t\t<div class=\"elementor-widget-container\">\n\t\t\t\t\t        <div data-scroll-on-click=\"no\" data-scroll-speed=\"300\" id=\"eael-advance-tabs-18202b5\" class=\"eael-advance-tabs eael-tabs-horizontal eael-tab-auto-active \" data-tabid=\"18202b5\">\n            <div class=\"eael-tabs-nav \">\n                <ul class=\"eael-tab-inline-icon\" role=\"tablist\">\n                                            <li id=\"la-formation-theorique\" class=\"inactive eael-tab-item-trigger eael-tab-nav-item\" aria-selected=\"true\" data-tab=\"1\" role=\"tab\" tabindex=\"0\" aria-controls=\"la-formation-theorique-tab\" aria-expanded=\"false\">\n                            \n                                                        \n                                                            <span class=\"eael-tab-title title-after-icon\" >LA FORMATION THEORIQUE<\/span>                            \n                                                    <\/li>\n                                            <li id=\"la-formation-pratique\" class=\"inactive eael-tab-item-trigger eael-tab-nav-item\" aria-selected=\"false\" data-tab=\"2\" role=\"tab\" tabindex=\"-1\" aria-controls=\"la-formation-pratique-tab\" aria-expanded=\"false\">\n                            \n                                                        \n                                                            <span class=\"eael-tab-title title-after-icon\" >LA FORMATION PRATIQUE<\/span>                            \n                                                    <\/li>\n                                            <li id=\"les-privileges\" class=\"inactive eael-tab-item-trigger eael-tab-nav-item\" aria-selected=\"false\" data-tab=\"3\" role=\"tab\" tabindex=\"-1\" aria-controls=\"les-privileges-tab\" aria-expanded=\"false\">\n                            \n                                                        \n                                                            <span class=\"eael-tab-title title-after-icon\" >LES PRIVILEGES<\/span>                            \n                                                    <\/li>\n                    \n                                  <\/ul>\n            <\/div>\n            \n            <div class=\"eael-tabs-content\">\n\t\t        \n                    <div id=\"la-formation-theorique-tab\" class=\"clearfix eael-tab-content-item inactive\" data-title-link=\"la-formation-theorique-tab\">\n\t\t\t\t        <p>L\u2019examen se passe sous forme de QCM en 7 certificats couvrant les mati\u00e8res suivantes :<\/p><ul><li>010 Droit a\u00e9rien et proc\u00e9dures du contr\u00f4le de la circulation a\u00e9rienne<\/li><li>022 Instrumentation<\/li><li>033 Performances et pr\u00e9paration du vol<\/li><li>040 Performance humaine et ses limites<\/li><li>050 M\u00e9t\u00e9orologie<\/li><li>062 Radio Navigation<\/li><li>092 Communication IFR<\/li><\/ul><p>Il faut avoir au moins 75% de r\u00e9ussite aux QCMs par \u00e9preuve<br \/>4 tentatives maximum par \u00e9preuve<br \/>Inscription \u00e0 6 sessions maximum<br \/>D\u00e9lai de 18 mois maximum apr\u00e8s la premi\u00e8re tentative pour r\u00e9ussir l\u2019ensemble des \u00e9preuves<\/p>                    <\/div>\n\t\t        \n                    <div id=\"la-formation-pratique-tab\" class=\"clearfix eael-tab-content-item inactive\" data-title-link=\"la-formation-pratique-tab\">\n\t\t\t\t        <p>La formation pratique se d\u00e9roule selon un ordre logique qui va du plus simple au plus compliqu\u00e9<\/p><ul><li>Pilotage aux instruments (VSV ou Vol Sans Visibilit\u00e9)<\/li><li>Interception, suivi et changements d\u2019axes radiobalis\u00e9s (VOR, NDB, GPS, ILS)<\/li><li>Proc\u00e9dures de d\u00e9part (SID)<\/li><li>Proc\u00e9dures d\u2019arriv\u00e9e (STAR)<\/li><li>Entr\u00e9es dans les circuits d\u2019attente selon la route d\u2019arriv\u00e9e<\/li><li>R\u00e9alisation des attentes en fonction des moyens de radionavigation utilisables (VOR, NDB, GPS)<\/li><li>R\u00e9alisation des proc\u00e9dures de perc\u00e9e en fonction des moyens de radionavigation utilisables (VOR, NDB, GNSS, ILS)<\/li><li>R\u00e9alisation des approches interrompues ou API (Remise de Gaz ou Go Around)<\/li><li>Conduite du vol en voyage : Assemblage des \u00e9l\u00e9ments pr\u00e9c\u00e9dents depuis le d\u00e9collage jusqu\u2019\u00e0 l\u2019atterrissage<\/li><\/ul>                    <\/div>\n\t\t        \n                    <div id=\"les-privileges-tab\" class=\"clearfix eael-tab-content-item inactive\" data-title-link=\"les-privileges-tab\">\n\t\t\t\t        <ul><li>D\u00e9collage possible, sous certaines conditions, avec une visibilit\u00e9 de seulement 400 m\u00e8tres<\/li><li>Atterrissage possible, sous certaines conditions, avec une visibilit\u00e9 de 600 m\u00e8tres et un plafond de 200 pieds<\/li><\/ul>                    <\/div>\n\t\t                    <\/div>\n        <\/div>\n\t\t\t\t<\/div>\n\t\t\t\t<\/div>\n\t\t\t\t<div class=\"elementor-element elementor-element-fb409a5 elementor-widget elementor-widget-spacer\" data-id=\"fb409a5\" data-element_type=\"widget\" data-e-type=\"widget\" data-widget_type=\"spacer.default\">\n\t\t\t\t<div class=\"elementor-widget-container\">\n\t\t\t\t\t\t\t<div class=\"elementor-spacer\">\n\t\t\t<div class=\"elementor-spacer-inner\"><\/div>\n\t\t<\/div>\n\t\t\t\t\t\t<\/div>\n\t\t\t\t<\/div>\n\t\t\t\t<div class=\"elementor-element elementor-element-3f8fe4d elementor-invisible elementor-widget elementor-widget-eael-adv-tabs\" data-id=\"3f8fe4d\" data-element_type=\"widget\" data-e-type=\"widget\" data-settings=\"{&quot;_animation&quot;:&quot;fadeInUp&quot;}\" data-widget_type=\"eael-adv-tabs.default\">\n\t\t\t\t<div class=\"elementor-widget-container\">\n\t\t\t\t\t        <div data-scroll-on-click=\"no\" data-scroll-speed=\"300\" id=\"eael-advance-tabs-3f8fe4d\" class=\"eael-advance-tabs eael-tabs-horizontal eael-tab-auto-active \" data-tabid=\"3f8fe4d\">\n            <div class=\"eael-tabs-nav \">\n                <ul class=\"eael-tab-inline-icon\" role=\"tablist\">\n                                            <li id=\"cout-de-la-formation\" class=\"inactive eael-tab-item-trigger eael-tab-nav-item\" aria-selected=\"true\" data-tab=\"1\" role=\"tab\" tabindex=\"0\" aria-controls=\"cout-de-la-formation-tab\" aria-expanded=\"false\">\n                            \n                                                        \n                                                            <span class=\"eael-tab-title title-after-icon\" >COUT DE LA FORMATION<\/span>                            \n                                                    <\/li>\n                    \n                                  <\/ul>\n            <\/div>\n            \n            <div class=\"eael-tabs-content\">\n\t\t        \n                    <div id=\"cout-de-la-formation-tab\" class=\"clearfix eael-tab-content-item inactive\" data-title-link=\"cout-de-la-formation-tab\">\n\t\t\t\t        <style><\/style>\t\t<div data-elementor-type=\"section\" data-elementor-id=\"7379\" class=\"elementor elementor-7379\">\n\t\t\t\t\t\t<section class=\"elementor-section elementor-top-section elementor-element elementor-element-437bd90a elementor-section-boxed elementor-section-height-default elementor-section-height-default\" data-id=\"437bd90a\" data-element_type=\"section\" data-e-type=\"section\">\n\t\t\t\t\t\t<div class=\"elementor-container elementor-column-gap-default\">\n\t\t\t\t\t<div class=\"elementor-column elementor-col-100 elementor-top-column elementor-element elementor-element-8707a37\" data-id=\"8707a37\" data-element_type=\"column\" data-e-type=\"column\">\n\t\t\t<div class=\"elementor-widget-wrap elementor-element-populated\">\n\t\t\t\t\t\t<div class=\"elementor-element elementor-element-750b57b1 elementor-widget elementor-widget-shortcode\" data-id=\"750b57b1\" data-element_type=\"widget\" data-e-type=\"widget\" data-widget_type=\"shortcode.default\">\n\t\t\t\t<div class=\"elementor-widget-container\">\n\t\t\t\t\t\t\t<div class=\"elementor-shortcode\">\n<table id=\"tablepress-7\" class=\"tablepress tablepress-id-7\">\n<thead>\n<tr class=\"row-1\">\n\t<th class=\"column-1\">Le co\u00fbt de la double commande IFR, qui s'ajoute au co\u00fbt de l'heure de vol solo de la machine utilis\u00e9e est de :<br \/>\n+44 \u20ac \/ heure<\/th>\n<\/tr>\n<\/thead>\n<tbody class=\"row-striping row-hover\">\n<\/tbody>\n<\/table>\n<\/div>\n\t\t\t\t\t\t<\/div>\n\t\t\t\t<\/div>\n\t\t\t\t<div class=\"elementor-element elementor-element-33dafca5 elementor-widget elementor-widget-text-editor\" data-id=\"33dafca5\" data-element_type=\"widget\" data-e-type=\"widget\" data-widget_type=\"text-editor.default\">\n\t\t\t\t<div class=\"elementor-widget-container\">\n\t\t\t\t\t\t\t\t\t<p>Pour effectuer une fin de formation CB.IR ayant d\u00e9but\u00e9e hors ATO, merci de prendre contact avec l&#8217;a\u00e9roclub pour prendre connaissance de certains tarifs inh\u00e9rents \u00e0 ce cas de figure.<\/p>\t\t\t\t\t\t\t\t<\/div>\n\t\t\t\t<\/div>\n\t\t\t\t\t<\/div>\n\t\t<\/div>\n\t\t\t\t\t<\/div>\n\t\t<\/section>\n\t\t\t\t<\/div>\n\t\t                    <\/div>\n\t\t                    <\/div>\n        <\/div>\n\t\t\t\t<\/div>\n\t\t\t\t<\/div>\n\t\t\t\t\t<\/div>\n\t\t<\/div>\n\t\t\t\t\t<\/div>\n\t\t<\/section>\n\t\t\t\t<section class=\"elementor-section elementor-top-section elementor-element elementor-element-c2fbc12 elementor-section-boxed elementor-section-height-default elementor-section-height-default\" data-id=\"c2fbc12\" data-element_type=\"section\" data-e-type=\"section\">\n\t\t\t\t\t\t<div class=\"elementor-container elementor-column-gap-default\">\n\t\t\t\t\t<div class=\"elementor-column elementor-col-100 elementor-top-column elementor-element elementor-element-d155482\" data-id=\"d155482\" data-element_type=\"column\" data-e-type=\"column\">\n\t\t\t<div class=\"elementor-widget-wrap\">\n\t\t\t\t\t\t\t<\/div>\n\t\t<\/div>\n\t\t\t\t\t<\/div>\n\t\t<\/section>\n\t\t\t\t<\/div>\n\t\t","protected":false},"excerpt":{"rendered":"<p>CB.IR FORMATION CB.IR PREAMBULE OBTENTION PRE-REQUIS REGLEMENTAIRES Le 13 d\u00e9cembre 2018, l\u2019A\u00e9roclub du B\u00e9arn a re\u00e7u\u00a0la certification ATO avec le privil\u00e8ge de pouvoir alors dispenser en totalit\u00e9&hellip;<\/p>\n<p> <a class=\"more-link\" href=\"https:\/\/aeroclubdubearn.fr\/index.php\/formations-ato-nxxxxxx\/cb-ir\/\">Lire la suite<\/a><\/p>\n","protected":false},"author":1,"featured_media":0,"parent":1245,"menu_order":0,"comment_status":"closed","ping_status":"closed","template":"","meta":{"advgb_blocks_editor_width":"","advgb_blocks_columns_visual_guide":"","footnotes":""},"class_list":["post-4104","page","type-page","status-publish"],"coauthors":[],"author_meta":{"author_link":"https:\/\/aeroclubdubearn.fr\/index.php\/author\/admin\/","display_name":"admin"},"relative_dates":{"created":"Publi\u00e9 4 ans il y a","modified":"Mis \u00e0 jour 5 mois il y a"},"absolute_dates":{"created":"Publi\u00e9 le 30 d\u00e9cembre 2021","modified":"Mise \u00e0 jour le 29 novembre 2025"},"absolute_dates_time":{"created":"Publi\u00e9 le 30 d\u00e9cembre 2021 11:48 am","modified":"Mise \u00e0 jour le 29 novembre 2025 1:56 pm"},"featured_img_caption":"","featured_img":false,"series_order":"","_links":{"self":[{"href":"https:\/\/aeroclubdubearn.fr\/index.php\/wp-json\/wp\/v2\/pages\/4104","targetHints":{"allow":["GET"]}}],"collection":[{"href":"https:\/\/aeroclubdubearn.fr\/index.php\/wp-json\/wp\/v2\/pages"}],"about":[{"href":"https:\/\/aeroclubdubearn.fr\/index.php\/wp-json\/wp\/v2\/types\/page"}],"author":[{"embeddable":true,"href":"https:\/\/aeroclubdubearn.fr\/index.php\/wp-json\/wp\/v2\/users\/1"}],"replies":[{"embeddable":true,"href":"https:\/\/aeroclubdubearn.fr\/index.php\/wp-json\/wp\/v2\/comments?post=4104"}],"version-history":[{"count":3,"href":"https:\/\/aeroclubdubearn.fr\/index.php\/wp-json\/wp\/v2\/pages\/4104\/revisions"}],"predecessor-version":[{"id":7384,"href":"https:\/\/aeroclubdubearn.fr\/index.php\/wp-json\/wp\/v2\/pages\/4104\/revisions\/7384"}],"up":[{"embeddable":true,"href":"https:\/\/aeroclubdubearn.fr\/index.php\/wp-json\/wp\/v2\/pages\/1245"}],"wp:attachment":[{"href":"https:\/\/aeroclubdubearn.fr\/index.php\/wp-json\/wp\/v2\/media?parent=4104"}],"curies":[{"name":"wp","href":"https:\/\/api.w.org\/{rel}","templated":true}]}}