{"id":4099,"date":"2021-12-30T11:47:12","date_gmt":"2021-12-30T11:47:12","guid":{"rendered":"https:\/\/nouveau.aeroclubdubearn.fr\/?page_id=4099"},"modified":"2025-11-29T13:56:09","modified_gmt":"2025-11-29T12:56:09","slug":"b-ir","status":"publish","type":"page","link":"https:\/\/aeroclubdubearn.fr\/index.php\/formations-ato-nxxxxxx\/b-ir\/","title":{"rendered":"B.IR"},"content":{"rendered":"\t\t<div data-elementor-type=\"wp-page\" data-elementor-id=\"4099\" class=\"elementor elementor-4099\">\n\t\t\t\t\t\t<section class=\"elementor-section elementor-top-section elementor-element elementor-element-8704b61 elementor-section-full_width elementor-section-height-min-height elementor-section-height-default elementor-section-items-middle\" data-id=\"8704b61\" data-element_type=\"section\" data-e-type=\"section\" data-settings=\"{&quot;background_background&quot;:&quot;video&quot;,&quot;background_video_link&quot;:&quot;https:\\\/\\\/aeroclubdubearn.fr\\\/wp-content\\\/uploads\\\/2021\\\/12\\\/D4EO67K.mp4&quot;,&quot;background_video_start&quot;:50,&quot;background_video_end&quot;:90,&quot;background_play_on_mobile&quot;:&quot;yes&quot;}\">\n\t\t\t\t\t\t\t\t<div class=\"elementor-background-video-container\">\n\t\t\t\t\t\t\t\t\t\t\t\t\t<video class=\"elementor-background-video-hosted\" role=\"presentation\" autoplay muted playsinline loop><\/video>\n\t\t\t\t\t\t\t\t\t\t\t<\/div>\n\t\t\t\t\t\t\t\t<div class=\"elementor-container elementor-column-gap-default\">\n\t\t\t\t\t<div class=\"jet-sticky-column-sticky elementor-column elementor-col-100 elementor-top-column elementor-element elementor-element-767feedd\" data-jet-sticky-column-settings=\"{&quot;id&quot;:&quot;767feedd&quot;,&quot;sticky&quot;:true,&quot;topSpacing&quot;:0,&quot;bottomSpacing&quot;:10,&quot;stickyOn&quot;:[&quot;desktop&quot;,&quot;tablet&quot;]}\" data-id=\"767feedd\" data-element_type=\"column\" data-e-type=\"column\">\n\t\t\t<div class=\"elementor-widget-wrap elementor-element-populated\">\n\t\t\t\t\t\t<div class=\"elementor-element elementor-element-22500723 elementor-widget-divider--view-line elementor-widget elementor-widget-divider\" data-id=\"22500723\" data-element_type=\"widget\" data-e-type=\"widget\" data-widget_type=\"divider.default\">\n\t\t\t\t<div class=\"elementor-widget-container\">\n\t\t\t\t\t\t\t<div class=\"elementor-divider\">\n\t\t\t<span class=\"elementor-divider-separator\">\n\t\t\t\t\t\t<\/span>\n\t\t<\/div>\n\t\t\t\t\t\t<\/div>\n\t\t\t\t<\/div>\n\t\t\t\t<div class=\"elementor-element elementor-element-e630e8f elementor-widget elementor-widget-heading\" data-id=\"e630e8f\" data-element_type=\"widget\" data-e-type=\"widget\" data-widget_type=\"heading.default\">\n\t\t\t\t<div class=\"elementor-widget-container\">\n\t\t\t\t\t<h2 class=\"elementor-heading-title elementor-size-default\">BIR<\/h2>\t\t\t\t<\/div>\n\t\t\t\t<\/div>\n\t\t\t\t\t<\/div>\n\t\t<\/div>\n\t\t\t\t\t<\/div>\n\t\t<\/section>\n\t\t\t\t<section class=\"elementor-section elementor-top-section elementor-element elementor-element-e971e5a elementor-section-boxed elementor-section-height-default elementor-section-height-default\" data-id=\"e971e5a\" data-element_type=\"section\" data-e-type=\"section\">\n\t\t\t\t\t\t<div class=\"elementor-container elementor-column-gap-default\">\n\t\t\t\t\t<div class=\"elementor-column elementor-col-100 elementor-top-column elementor-element elementor-element-68201f9\" data-id=\"68201f9\" data-element_type=\"column\" data-e-type=\"column\">\n\t\t\t<div class=\"elementor-widget-wrap elementor-element-populated\">\n\t\t\t\t\t\t<div class=\"elementor-element elementor-element-e283060 elementor-invisible elementor-widget elementor-widget-text-editor\" data-id=\"e283060\" data-element_type=\"widget\" data-e-type=\"widget\" data-settings=\"{&quot;_animation&quot;:&quot;fadeInUp&quot;}\" data-widget_type=\"text-editor.default\">\n\t\t\t\t<div class=\"elementor-widget-container\">\n\t\t\t\t\t\t\t\t\t<h4><strong>FORMATION BIR<br \/><\/strong><\/h4>\t\t\t\t\t\t\t\t<\/div>\n\t\t\t\t<\/div>\n\t\t\t\t<div class=\"elementor-element elementor-element-658b085 elementor-invisible elementor-widget elementor-widget-eael-adv-tabs\" data-id=\"658b085\" data-element_type=\"widget\" data-e-type=\"widget\" data-settings=\"{&quot;_animation&quot;:&quot;fadeInUp&quot;}\" data-widget_type=\"eael-adv-tabs.default\">\n\t\t\t\t<div class=\"elementor-widget-container\">\n\t\t\t\t\t        <div data-scroll-on-click=\"no\" data-scroll-speed=\"300\" id=\"eael-advance-tabs-658b085\" class=\"eael-advance-tabs eael-tabs-horizontal eael-tab-auto-active \" data-tabid=\"658b085\">\n            <div class=\"eael-tabs-nav \">\n                <ul class=\"eael-tab-inline-icon\" role=\"tablist\">\n                                            <li id=\"preambule\" class=\"inactive eael-tab-item-trigger eael-tab-nav-item\" aria-selected=\"true\" data-tab=\"1\" role=\"tab\" tabindex=\"0\" aria-controls=\"preambule-tab\" aria-expanded=\"false\">\n                            \n                                                        \n                                                            <span class=\"eael-tab-title title-after-icon\" >PREAMBULE<\/span>                            \n                                                    <\/li>\n                                            <li id=\"obtention\" class=\"inactive eael-tab-item-trigger eael-tab-nav-item\" aria-selected=\"false\" data-tab=\"2\" role=\"tab\" tabindex=\"-1\" aria-controls=\"obtention-tab\" aria-expanded=\"false\">\n                            \n                                                        \n                                                            <span class=\"eael-tab-title title-after-icon\" >OBTENTION<\/span>                            \n                                                    <\/li>\n                                            <li id=\"pre-requis-reglementaires\" class=\"inactive eael-tab-item-trigger eael-tab-nav-item\" aria-selected=\"false\" data-tab=\"3\" role=\"tab\" tabindex=\"-1\" aria-controls=\"pre-requis-reglementaires-tab\" aria-expanded=\"false\">\n                            \n                                                        \n                                                            <span class=\"eael-tab-title title-after-icon\" >PRE-REQUIS REGLEMENTAIRES<\/span>                            \n                                                    <\/li>\n                    \n                                  <\/ul>\n            <\/div>\n            \n            <div class=\"eael-tabs-content\">\n\t\t        \n                    <div id=\"preambule-tab\" class=\"clearfix eael-tab-content-item inactive\" data-title-link=\"preambule-tab\">\n\t\t\t\t        <p>Le 08 septembre 2021, nous avons re\u00e7u l\u2019approbation pour la formation en vol \u00e0 la nouvelle qualification <a href=\"https:\/\/aeroclubdubearn.fr\/wp-content\/uploads\/2021\/09\/Formation-BIR-15Sep21.pdf\" target=\"_blank\" rel=\"noopener\">BIR<\/a> dont l\u2019examen th\u00e9orique est simplifi\u00e9 et qui n\u2019exige pas la possession du FCL055 IFR<\/p><p>Des conventions seront \u00e9tablies entre l\u2019ATO A\u00e9roclub du B\u00e9arn et tous les stagiaires IR.<\/p><p>Une convention de partenariat sera \u00e9tablie entre l\u2019ATO A\u00e9roclub du B\u00e9arn et tous les a\u00e9roclubs partenaires non ATO d\u00e9sirant appliquer notre programme d\u00e8s le d\u00e9but de leur formation IR.<\/p>                    <\/div>\n\t\t        \n                    <div id=\"obtention-tab\" class=\"clearfix eael-tab-content-item inactive\" data-title-link=\"obtention-tab\">\n\t\t\t\t        <p>La formation est dispens\u00e9e dans le cadre de notre structure ATO.<\/p><p>Pour pouvoir effectuer les formations IR, nous avons trois avions DR400 Glasscockpit certifi\u00e9s IFR et nous avons qualifi\u00e9 quatre instructeurs IRI. Notre flotte IFR est compos\u00e9e de :<\/p><ul><li>Un DR420 IFR \u00a0Glasscockpit \u00e9quip\u00e9 avec un Garmin 500 coupl\u00e9 \u00e0 un GPS Garmin GTN650<\/li><li>Deux DR400 diesels IFR Glasscockpit\u00a0\u00e9quip\u00e9s\u00a0d\u2019un pilote automatique et d\u2019un Garmin 500 coupl\u00e9 \u00e0 un GPS Garmin GTN650. Un de ces 2 avions est \u00e9quip\u00e9 du GTN750 et d\u2019un syst\u00e8me anticollision (TAS de Garmin).<\/li><li>Un TB20 IFR FIKI, Glasscockpit avec un Garmin G500 coupl\u00e9 \u00e0 deux syst\u00e8mes RNAV GNS530 et 430<\/li><\/ul><p>Nous pouvons aussi effectuer des formations sur des avions externes <a href=\"https:\/\/aeroclubdubearn.fr\/wp-content\/uploads\/2019\/05\/Int\u00e9gration-avion-externe-dans-flotte-ATO_26May19.pdf\" target=\"_blank\" rel=\"noopener noreferrer\">sous conditions<\/a><\/p>                    <\/div>\n\t\t        \n                    <div id=\"pre-requis-reglementaires-tab\" class=\"clearfix eael-tab-content-item inactive\" data-title-link=\"pre-requis-reglementaires-tab\">\n\t\t\t\t        <ul><li>Licence PPL avec SEP valide<\/li><li>D\u00e9tenir les 3 certificats d\u2019aptitude aux \u00e9preuves th\u00e9oriques de l\u2019examen \u00ab\u00a0BIR\u00a0\u00bb<\/li><li>La qualification Vol de Nuit n\u2019est pas requise<\/li><li>Le FCL 055 IFR n\u2019est pas requis<\/li><\/ul>                    <\/div>\n\t\t                    <\/div>\n        <\/div>\n\t\t\t\t<\/div>\n\t\t\t\t<\/div>\n\t\t\t\t<div class=\"elementor-element elementor-element-ad63fc1 elementor-widget elementor-widget-spacer\" data-id=\"ad63fc1\" data-element_type=\"widget\" data-e-type=\"widget\" data-widget_type=\"spacer.default\">\n\t\t\t\t<div class=\"elementor-widget-container\">\n\t\t\t\t\t\t\t<div class=\"elementor-spacer\">\n\t\t\t<div class=\"elementor-spacer-inner\"><\/div>\n\t\t<\/div>\n\t\t\t\t\t\t<\/div>\n\t\t\t\t<\/div>\n\t\t\t\t<div class=\"elementor-element elementor-element-fb7bdd3 elementor-invisible elementor-widget elementor-widget-eael-adv-tabs\" data-id=\"fb7bdd3\" data-element_type=\"widget\" data-e-type=\"widget\" data-settings=\"{&quot;_animation&quot;:&quot;fadeInUp&quot;}\" data-widget_type=\"eael-adv-tabs.default\">\n\t\t\t\t<div class=\"elementor-widget-container\">\n\t\t\t\t\t        <div data-scroll-on-click=\"no\" data-scroll-speed=\"300\" id=\"eael-advance-tabs-fb7bdd3\" class=\"eael-advance-tabs eael-tabs-horizontal eael-tab-auto-active \" data-tabid=\"fb7bdd3\">\n            <div class=\"eael-tabs-nav \">\n                <ul class=\"eael-tab-inline-icon\" role=\"tablist\">\n                                            <li id=\"la-formation-theorique\" class=\"inactive eael-tab-item-trigger eael-tab-nav-item\" aria-selected=\"true\" data-tab=\"1\" role=\"tab\" tabindex=\"0\" aria-controls=\"la-formation-theorique-tab\" aria-expanded=\"false\">\n                            \n                                                        \n                                                            <span class=\"eael-tab-title title-after-icon\" >LA FORMATION THEORIQUE<\/span>                            \n                                                    <\/li>\n                                            <li id=\"la-formation-pratique\" class=\"inactive eael-tab-item-trigger eael-tab-nav-item\" aria-selected=\"false\" data-tab=\"2\" role=\"tab\" tabindex=\"-1\" aria-controls=\"la-formation-pratique-tab\" aria-expanded=\"false\">\n                            \n                                                        \n                                                            <span class=\"eael-tab-title title-after-icon\" >LA FORMATION PRATIQUE<\/span>                            \n                                                    <\/li>\n                                            <li id=\"les-privileges\" class=\"inactive eael-tab-item-trigger eael-tab-nav-item\" aria-selected=\"false\" data-tab=\"3\" role=\"tab\" tabindex=\"-1\" aria-controls=\"les-privileges-tab\" aria-expanded=\"false\">\n                            \n                                                        \n                                                            <span class=\"eael-tab-title title-after-icon\" >LES PRIVILEGES<\/span>                            \n                                                    <\/li>\n                    \n                                  <\/ul>\n            <\/div>\n            \n            <div class=\"eael-tabs-content\">\n\t\t        \n                    <div id=\"la-formation-theorique-tab\" class=\"clearfix eael-tab-content-item inactive\" data-title-link=\"la-formation-theorique-tab\">\n\t\t\t\t        <p>L\u2019ATO A\u00e9roclub du B\u00e9arn n\u2019assure pas la formation en vue des examens th\u00e9oriques du BIR.<\/p><p>L\u2019institut Mermoz propose une formation th\u00e9orique en vue des examens BIR. Voir leur <a href=\"https:\/\/aeroclubdubearn.fr\/wp-content\/uploads\/2021\/10\/Brochure-formation-Theorique-BIR-Mermoz-oct21.pdf\" target=\"_blank\" rel=\"noopener\">plaquette<\/a><\/p><p>La formation Mermoz pr\u00e9voit 80 h de cours dont 21 h en pr\u00e9sentiel et le reste \u00e0 distance<\/p><p>7 mati\u00e8res sont ainsi abord\u00e9es :<\/p><div class=\"page\"><div class=\"section\"><div class=\"layoutArea\"><div class=\"column\"><div class=\"page\"><div class=\"section\"><div class=\"layoutArea\"><div class=\"column\"><ul><li>010 Droit a\u00e9rien et circulation a\u00e9rienne<\/li><li>022 Instrumentation<\/li><li>033 Pr\u00e9paration et suivi du vol<\/li><li>040 Performance humaine<\/li><li>050 M\u00e9t\u00e9orologie<\/li><li>062 Radionavigation<\/li><li>090 Communications<\/li><\/ul><\/div><\/div><\/div><\/div><\/div><\/div><\/div><\/div>                    <\/div>\n\t\t        \n                    <div id=\"la-formation-pratique-tab\" class=\"clearfix eael-tab-content-item inactive\" data-title-link=\"la-formation-pratique-tab\">\n\t\t\t\t        <p>La formation pratique se d\u00e9roule selon un ordre logique qui va du plus simple au plus compliqu\u00e9<\/p><ul><li>Pilotage aux instruments (VSV ou Vol Sans Visibilit\u00e9)<\/li><li>Interception, suivi et changements d\u2019axes radiobalis\u00e9s (VOR, NDB, GPS, ILS)<\/li><li>Proc\u00e9dures de d\u00e9part (SID)<\/li><li>Proc\u00e9dures d\u2019arriv\u00e9e (STAR)<\/li><li>Entr\u00e9es dans les circuits d\u2019attente selon la route d\u2019arriv\u00e9e<\/li><li>R\u00e9alisation des attentes en fonction des moyens de radionavigation utilisables (VOR, NDB, GPS)<\/li><li>R\u00e9alisation des proc\u00e9dures de perc\u00e9e en fonction des moyens de radionavigation utilisables (VOR, NDB, GNSS, ILS)<\/li><li>R\u00e9alisation des approches interrompues ou API (Remise de Gaz ou Go Around)<\/li><li>Conduite du vol en voyage : Assemblage des \u00e9l\u00e9ments pr\u00e9c\u00e9dents depuis le d\u00e9collage jusqu\u2019\u00e0 l\u2019atterrissage<\/li><\/ul>                    <\/div>\n\t\t        \n                    <div id=\"les-privileges-tab\" class=\"clearfix eael-tab-content-item inactive\" data-title-link=\"les-privileges-tab\">\n\t\t\t\t        <ul><li>Voler en IFR dans l&#8217;UE (sous r\u00e9serve d&#8217;avoir obtenu le FCL055)<\/li><li>D\u00e9collage possible, sous certaines conditions, avec une visibilit\u00e9 minimale de 1500m et un plafond d&#8217;au moins 600 ft<\/li><li>Atterrissage possible, sous certaines conditions, avec une visibilit\u00e9 minimale de 1500 m\u00e8tres et un plafond d&#8217;au moins 400 pieds<\/li><\/ul>                    <\/div>\n\t\t                    <\/div>\n        <\/div>\n\t\t\t\t<\/div>\n\t\t\t\t<\/div>\n\t\t\t\t<div class=\"elementor-element elementor-element-3d9864d elementor-widget elementor-widget-spacer\" data-id=\"3d9864d\" data-element_type=\"widget\" data-e-type=\"widget\" data-widget_type=\"spacer.default\">\n\t\t\t\t<div class=\"elementor-widget-container\">\n\t\t\t\t\t\t\t<div class=\"elementor-spacer\">\n\t\t\t<div class=\"elementor-spacer-inner\"><\/div>\n\t\t<\/div>\n\t\t\t\t\t\t<\/div>\n\t\t\t\t<\/div>\n\t\t\t\t<div class=\"elementor-element elementor-element-1cda0e6 elementor-invisible elementor-widget elementor-widget-eael-adv-tabs\" data-id=\"1cda0e6\" data-element_type=\"widget\" data-e-type=\"widget\" data-settings=\"{&quot;_animation&quot;:&quot;fadeInUp&quot;}\" data-widget_type=\"eael-adv-tabs.default\">\n\t\t\t\t<div class=\"elementor-widget-container\">\n\t\t\t\t\t        <div data-scroll-on-click=\"no\" data-scroll-speed=\"300\" id=\"eael-advance-tabs-1cda0e6\" class=\"eael-advance-tabs eael-tabs-horizontal eael-tab-auto-active \" data-tabid=\"1cda0e6\">\n            <div class=\"eael-tabs-nav \">\n                <ul class=\"eael-tab-inline-icon\" role=\"tablist\">\n                                            <li id=\"cout-de-la-formation\" class=\"inactive eael-tab-item-trigger eael-tab-nav-item\" aria-selected=\"true\" data-tab=\"1\" role=\"tab\" tabindex=\"0\" aria-controls=\"cout-de-la-formation-tab\" aria-expanded=\"false\">\n                            \n                                                        \n                                                            <span class=\"eael-tab-title title-after-icon\" >COUT DE LA FORMATION<\/span>                            \n                                                    <\/li>\n                    \n                                  <\/ul>\n            <\/div>\n            \n            <div class=\"eael-tabs-content\">\n\t\t        \n                    <div id=\"cout-de-la-formation-tab\" class=\"clearfix eael-tab-content-item inactive\" data-title-link=\"cout-de-la-formation-tab\">\n\t\t\t\t        <style><\/style>\t\t<div data-elementor-type=\"section\" data-elementor-id=\"7401\" class=\"elementor elementor-7401\">\n\t\t\t\t\t\t<section class=\"elementor-section elementor-top-section elementor-element elementor-element-415fa8ae elementor-section-boxed elementor-section-height-default elementor-section-height-default\" data-id=\"415fa8ae\" data-element_type=\"section\" data-e-type=\"section\">\n\t\t\t\t\t\t<div class=\"elementor-container elementor-column-gap-default\">\n\t\t\t\t\t<div class=\"elementor-column elementor-col-100 elementor-top-column elementor-element elementor-element-41d16a6b\" data-id=\"41d16a6b\" data-element_type=\"column\" data-e-type=\"column\">\n\t\t\t<div class=\"elementor-widget-wrap elementor-element-populated\">\n\t\t\t\t\t\t<div class=\"elementor-element elementor-element-1a4dcced elementor-widget elementor-widget-shortcode\" data-id=\"1a4dcced\" data-element_type=\"widget\" data-e-type=\"widget\" data-widget_type=\"shortcode.default\">\n\t\t\t\t<div class=\"elementor-widget-container\">\n\t\t\t\t\t\t\t<div class=\"elementor-shortcode\">\n<table id=\"tablepress-7\" class=\"tablepress tablepress-id-7\">\n<thead>\n<tr class=\"row-1\">\n\t<th class=\"column-1\">Le co\u00fbt de la double commande IFR, qui s'ajoute au co\u00fbt de l'heure de vol solo de la machine utilis\u00e9e est de :<br \/>\n+44 \u20ac \/ heure<\/th>\n<\/tr>\n<\/thead>\n<tbody class=\"row-striping row-hover\">\n<\/tbody>\n<\/table>\n<!-- #tablepress-7 from cache --><\/div>\n\t\t\t\t\t\t<\/div>\n\t\t\t\t<\/div>\n\t\t\t\t\t<\/div>\n\t\t<\/div>\n\t\t\t\t\t<\/div>\n\t\t<\/section>\n\t\t\t\t<\/div>\n\t\t                    <\/div>\n\t\t                    <\/div>\n        <\/div>\n\t\t\t\t<\/div>\n\t\t\t\t<\/div>\n\t\t\t\t\t<\/div>\n\t\t<\/div>\n\t\t\t\t\t<\/div>\n\t\t<\/section>\n\t\t\t\t<\/div>\n\t\t","protected":false},"excerpt":{"rendered":"<p>BIR FORMATION BIR PREAMBULE OBTENTION PRE-REQUIS REGLEMENTAIRES Le 08 septembre 2021, nous avons re\u00e7u l\u2019approbation pour la formation en vol \u00e0 la nouvelle qualification BIR dont l\u2019examen&hellip;<\/p>\n<p> <a class=\"more-link\" href=\"https:\/\/aeroclubdubearn.fr\/index.php\/formations-ato-nxxxxxx\/b-ir\/\">Lire la suite<\/a><\/p>\n","protected":false},"author":1,"featured_media":0,"parent":1245,"menu_order":0,"comment_status":"closed","ping_status":"closed","template":"","meta":{"advgb_blocks_editor_width":"","advgb_blocks_columns_visual_guide":"","footnotes":""},"class_list":["post-4099","page","type-page","status-publish"],"coauthors":[],"author_meta":{"author_link":"https:\/\/aeroclubdubearn.fr\/index.php\/author\/admin\/","display_name":"admin"},"relative_dates":{"created":"Publi\u00e9 4 ans il y a","modified":"Mis \u00e0 jour 5 mois il y a"},"absolute_dates":{"created":"Publi\u00e9 le 30 d\u00e9cembre 2021","modified":"Mise \u00e0 jour le 29 novembre 2025"},"absolute_dates_time":{"created":"Publi\u00e9 le 30 d\u00e9cembre 2021 11:47 am","modified":"Mise \u00e0 jour le 29 novembre 2025 1:56 pm"},"featured_img_caption":"","featured_img":false,"series_order":"","_links":{"self":[{"href":"https:\/\/aeroclubdubearn.fr\/index.php\/wp-json\/wp\/v2\/pages\/4099","targetHints":{"allow":["GET"]}}],"collection":[{"href":"https:\/\/aeroclubdubearn.fr\/index.php\/wp-json\/wp\/v2\/pages"}],"about":[{"href":"https:\/\/aeroclubdubearn.fr\/index.php\/wp-json\/wp\/v2\/types\/page"}],"author":[{"embeddable":true,"href":"https:\/\/aeroclubdubearn.fr\/index.php\/wp-json\/wp\/v2\/users\/1"}],"replies":[{"embeddable":true,"href":"https:\/\/aeroclubdubearn.fr\/index.php\/wp-json\/wp\/v2\/comments?post=4099"}],"version-history":[{"count":9,"href":"https:\/\/aeroclubdubearn.fr\/index.php\/wp-json\/wp\/v2\/pages\/4099\/revisions"}],"predecessor-version":[{"id":7406,"href":"https:\/\/aeroclubdubearn.fr\/index.php\/wp-json\/wp\/v2\/pages\/4099\/revisions\/7406"}],"up":[{"embeddable":true,"href":"https:\/\/aeroclubdubearn.fr\/index.php\/wp-json\/wp\/v2\/pages\/1245"}],"wp:attachment":[{"href":"https:\/\/aeroclubdubearn.fr\/index.php\/wp-json\/wp\/v2\/media?parent=4099"}],"curies":[{"name":"wp","href":"https:\/\/api.w.org\/{rel}","templated":true}]}}