{"id":1238,"date":"2021-11-18T12:51:05","date_gmt":"2021-11-18T12:51:05","guid":{"rendered":"https:\/\/nouveau.aeroclubdubearn.fr\/?page_id=1238"},"modified":"2025-11-29T13:56:07","modified_gmt":"2025-11-29T12:56:07","slug":"association-aeroclub-du-bearn","status":"publish","type":"page","link":"https:\/\/aeroclubdubearn.fr\/index.php\/association-aeroclub-du-bearn\/","title":{"rendered":"ASSOCIATION A\u00c9ROCLUB DU B\u00c9ARN"},"content":{"rendered":"\t\t<div data-elementor-type=\"wp-page\" data-elementor-id=\"1238\" class=\"elementor elementor-1238\">\n\t\t\t\t\t\t<section class=\"elementor-section elementor-top-section elementor-element elementor-element-1c66d740 elementor-section-full_width elementor-section-height-min-height elementor-section-height-default elementor-section-items-middle\" data-id=\"1c66d740\" data-element_type=\"section\" data-e-type=\"section\" data-settings=\"{&quot;background_background&quot;:&quot;video&quot;,&quot;background_video_link&quot;:&quot;https:\\\/\\\/aeroclubdubearn.fr\\\/wp-content\\\/uploads\\\/2022\\\/01\\\/FLYING-WITH-GENERAL-AVIATION.mp4&quot;,&quot;background_video_start&quot;:3,&quot;background_video_end&quot;:50,&quot;background_play_on_mobile&quot;:&quot;yes&quot;}\">\n\t\t\t\t\t\t\t\t<div class=\"elementor-background-video-container\">\n\t\t\t\t\t\t\t\t\t\t\t\t\t<video class=\"elementor-background-video-hosted\" role=\"presentation\" autoplay muted playsinline loop><\/video>\n\t\t\t\t\t\t\t\t\t\t\t<\/div>\n\t\t\t\t\t\t\t\t<div class=\"elementor-container elementor-column-gap-default\">\n\t\t\t\t\t<div class=\"jet-sticky-column-sticky elementor-column elementor-col-100 elementor-top-column elementor-element elementor-element-1347998a\" data-jet-sticky-column-settings=\"{&quot;id&quot;:&quot;1347998a&quot;,&quot;sticky&quot;:true,&quot;topSpacing&quot;:0,&quot;bottomSpacing&quot;:10,&quot;stickyOn&quot;:[&quot;desktop&quot;,&quot;tablet&quot;]}\" data-id=\"1347998a\" data-element_type=\"column\" data-e-type=\"column\">\n\t\t\t<div class=\"elementor-widget-wrap elementor-element-populated\">\n\t\t\t\t\t\t<div class=\"elementor-element elementor-element-1086e08b elementor-widget-divider--view-line elementor-widget elementor-widget-divider\" data-id=\"1086e08b\" data-element_type=\"widget\" data-e-type=\"widget\" data-widget_type=\"divider.default\">\n\t\t\t\t<div class=\"elementor-widget-container\">\n\t\t\t\t\t\t\t<div class=\"elementor-divider\">\n\t\t\t<span class=\"elementor-divider-separator\">\n\t\t\t\t\t\t<\/span>\n\t\t<\/div>\n\t\t\t\t\t\t<\/div>\n\t\t\t\t<\/div>\n\t\t\t\t<div class=\"elementor-element elementor-element-5003b67a elementor-widget elementor-widget-heading\" data-id=\"5003b67a\" data-element_type=\"widget\" data-e-type=\"widget\" data-widget_type=\"heading.default\">\n\t\t\t\t<div class=\"elementor-widget-container\">\n\t\t\t\t\t<h2 class=\"elementor-heading-title elementor-size-default\">L'aeroclub<\/h2>\t\t\t\t<\/div>\n\t\t\t\t<\/div>\n\t\t\t\t\t<\/div>\n\t\t<\/div>\n\t\t\t\t\t<\/div>\n\t\t<\/section>\n\t\t\t\t<section class=\"elementor-section elementor-top-section elementor-element elementor-element-8bb7f23 elementor-section-full_width elementor-section-height-default elementor-section-height-default\" data-id=\"8bb7f23\" data-element_type=\"section\" data-e-type=\"section\" data-settings=\"{&quot;background_background&quot;:&quot;classic&quot;}\">\n\t\t\t\t\t\t\t<div class=\"elementor-background-overlay\"><\/div>\n\t\t\t\t\t\t\t<div class=\"elementor-container elementor-column-gap-default\">\n\t\t\t\t\t<div class=\"elementor-column elementor-col-100 elementor-top-column elementor-element elementor-element-077f155\" data-id=\"077f155\" data-element_type=\"column\" data-e-type=\"column\">\n\t\t\t<div class=\"elementor-widget-wrap elementor-element-populated\">\n\t\t\t\t\t\t<section class=\"elementor-section elementor-inner-section elementor-element elementor-element-61692d3 elementor-section-full_width elementor-section-height-default elementor-section-height-default\" data-id=\"61692d3\" data-element_type=\"section\" data-e-type=\"section\" data-settings=\"{&quot;animation&quot;:&quot;none&quot;,&quot;background_background&quot;:&quot;classic&quot;}\">\n\t\t\t\t\t\t\t<div class=\"elementor-background-overlay\"><\/div>\n\t\t\t\t\t\t\t<div class=\"elementor-container elementor-column-gap-default\">\n\t\t\t\t\t<div class=\"elementor-column elementor-col-66 elementor-inner-column elementor-element elementor-element-2dfd11b\" data-id=\"2dfd11b\" data-element_type=\"column\" data-e-type=\"column\">\n\t\t\t<div class=\"elementor-widget-wrap elementor-element-populated\">\n\t\t\t\t\t\t<div class=\"elementor-element elementor-element-645c7b1 elementor-invisible elementor-widget elementor-widget-text-editor\" data-id=\"645c7b1\" data-element_type=\"widget\" data-e-type=\"widget\" data-settings=\"{&quot;_animation&quot;:&quot;fadeInLeft&quot;}\" data-widget_type=\"text-editor.default\">\n\t\t\t\t<div class=\"elementor-widget-container\">\n\t\t\t\t\t\t\t\t\t<p style=\"text-align: center;\"><strong><span style=\"text-decoration: underline;\">MOT DU PR\u00c9SIDENT:<\/span><\/strong><\/p><p><img fetchpriority=\"high\" decoding=\"async\" class=\"size-medium wp-image-9520 aligncenter\" src=\"https:\/\/aeroclubdubearn.fr\/wp-content\/uploads\/2024\/04\/aubart-e1714495497385-267x300.jpg\" alt=\"\" width=\"267\" height=\"300\" srcset=\"https:\/\/aeroclubdubearn.fr\/wp-content\/uploads\/2024\/04\/aubart-e1714495497385-267x300.jpg 267w, https:\/\/aeroclubdubearn.fr\/wp-content\/uploads\/2024\/04\/aubart-e1714495497385-133x150.jpg 133w, https:\/\/aeroclubdubearn.fr\/wp-content\/uploads\/2024\/04\/aubart-e1714495497385.jpg 315w\" sizes=\"(max-width: 267px) 100vw, 267px\" \/><\/p>\t\t\t\t\t\t\t\t<\/div>\n\t\t\t\t<\/div>\n\t\t\t\t<div class=\"elementor-element elementor-element-d52738d animated-slow elementor-widget__width-initial elementor-invisible elementor-widget elementor-widget-text-editor\" data-id=\"d52738d\" data-element_type=\"widget\" data-e-type=\"widget\" data-settings=\"{&quot;_animation&quot;:&quot;fadeInUp&quot;}\" data-widget_type=\"text-editor.default\">\n\t\t\t\t<div class=\"elementor-widget-container\">\n\t\t\t\t\t\t\t\t\t<p style=\"text-align: left;\">Heureux de vous accueillir sur le site de l\u2019a\u00e9roclub du B\u00e9arn.<\/p><p style=\"text-align: left;\">Notre a\u00e9roclub a \u00e9t\u00e9 fond\u00e9 en 1909, juste apr\u00e8s les premiers vols \u00e0 PAU des fr\u00e8res Wright. Depuis ce sont de tr\u00e8s nombreux b\u00e9n\u00e9voles qui ont fait vivre notre association.<\/p><p style=\"text-align: left;\">En 2024, une nouvelle \u00e9quipe dirigeante s\u2019investit pour poursuivre cette longue aventure, avec de nombreux d\u00e9fis \u00e0 relever : permettre \u00e0 toute une g\u00e9n\u00e9ration d\u2019apprendre \u00e0 voler et ce dans un contexte de transition \u00e9nerg\u00e9tique en sachant adapter notre flotte (nouvelles motorisations, carburants sans plomb, avions nouvelle g\u00e9n\u00e9ration etc \u2026.<\/p><p style=\"text-align: left;\">En parcourant le site, vous d\u00e9couvrirez notre flotte d\u2019avions tous \u00e9quip\u00e9s glass cockpit. Deux d\u2019entre eux sont IFR (vols aux instruments) et \u00e9quip\u00e9s d\u2019un pilote automatique. L\u2019a\u00e9roclub dispose \u00e9galement d\u2019un simulateur de vol professionnel Alsim 250.<\/p><p style=\"text-align: left;\">Plus de 60% de notre activit\u00e9 est consacr\u00e9e \u00e0 la formation qui s\u2019effectue dans le cadre de la certification europ\u00e9enne ATO (Approved Training Organisation).<\/p><p style=\"text-align: left;\">Nos formations vont du LAPL \u00e0 la qualification de vol aux instruments (LAPL, PPL, VDN, BIR, CB.IR) Au-del\u00e0 des licences obtenues au sein du club, nous participons aux ateliers BIA du territoire.<\/p><p style=\"text-align: left;\">En 2023, ce sont plus de 120 coll\u00e9giens ou lyc\u00e9ens, \u00e0 partir de 14 ans, qui ont pass\u00e9 cet examen reconnu par le minist\u00e8re de l\u2019\u00e9ducation nationale et pu b\u00e9n\u00e9ficier d\u2019un vol d\u2019initiation sur nos avions, gr\u00e2ce \u00e0 notre \u00e9quipe d\u2019instructeurs b\u00e9n\u00e9voles.<\/p><p style=\"text-align: left;\">Nous menons \u00e9galement des actions en coop\u00e9ration avec les clubs services du territoire (par ex les Kiwanis).<\/p><p style=\"text-align: left;\">Au-del\u00e0 de cette forte implication aupr\u00e8s des jeunes, nous offrons aux brevet\u00e9s (jeunes et moins jeunes) la possibilit\u00e9 de r\u00e9aliser des vols dans un environnement \u00ab montagne-plaines-et oc\u00e9an \u00bb. De plus longues navigations sont organis\u00e9es avec le concours des instructeurs ou de pilotes tr\u00e8s exp\u00e9riment\u00e9s.<br \/>Si la formation constitue l\u2019activit\u00e9 maitresse de l\u2019a\u00e9roclub, la s\u00e9curit\u00e9<br \/>de tous nos pilotes demeure notre obsession. Vous trouverez de nombreux renseignements en parcourant notre site, mais n\u2019h\u00e9sitez pas \u00e0 venir nous rendre visite.<\/p><p style=\"text-align: left;\">Avec les membres du conseil d\u2019administration, nous sommes \u00e0 votre disposition pour r\u00e9pondre \u00e0 toutes vos interrogations.<\/p><p style=\"text-align: left;\">A tr\u00e8s bient\u00f4t.<\/p><p style=\"text-align: left;\">Christian AUBART<\/p>\t\t\t\t\t\t\t\t<\/div>\n\t\t\t\t<\/div>\n\t\t\t\t\t<\/div>\n\t\t<\/div>\n\t\t\t\t<div class=\"elementor-column elementor-col-33 elementor-inner-column elementor-element elementor-element-640acd3\" data-id=\"640acd3\" data-element_type=\"column\" data-e-type=\"column\">\n\t\t\t<div class=\"elementor-widget-wrap elementor-element-populated\">\n\t\t\t\t\t\t<div class=\"elementor-element elementor-element-755f0d5 eael-flipbox-content-align-center elementor-invisible elementor-widget elementor-widget-eael-flip-box\" data-id=\"755f0d5\" data-element_type=\"widget\" data-e-type=\"widget\" data-settings=\"{&quot;_animation&quot;:&quot;fadeInRight&quot;}\" data-widget_type=\"eael-flip-box.default\">\n\t\t\t\t<div class=\"elementor-widget-container\">\n\t\t\t\t\t        <div class=\"eael-elements-flip-box-container eael-animate-flip eael-animate-zoom-out eael-content eael-flip-box-hover eael-flipbox-fixed-height eael-flipbox-dynamic\">\n\n            <a class=\"eael-elements-flip-box-flip-card\" href=\"\/index.php\/formations-ato-nxxxxxx\/\">\n                <div class=\"eael-elements-flip-box-front-container\">\n                    \n                    \n                        <div class=\"eael-elements-slider-display-table\">\n                            <div class=\"eael-elements-flip-box-vertical-align\">\n                                <div class=\"eael-elements-flip-box-padding\">\n                                    <div class=\"eael-elements-flip-box-icon-image\">\n                                                                            <\/div>\n                                    <h2 class=\"eael-elements-flip-box-heading\">ECOLE DE PILOTAGE<\/h2>                                    <div class=\"eael-elements-flip-box-content\">\n\t                                                                        <\/div>\n                                <\/div>\n                            <\/div>\n                        <\/div>\n                                    <\/div>\n\n                <div class=\"eael-elements-flip-box-rear-container\">\n                                                                <div class=\"eael-elements-slider-display-table\">\n                            <div class=\"eael-elements-flip-box-vertical-align\">\n                                <div class=\"eael-elements-flip-box-padding\">\n                                                                                                            <div class=\"eael-elements-flip-box-content\">\n                                        <ul><li><p>\u00c9cole de pilotage : l\u2019a\u00e9roclub est habilit\u00e9 \u00e0 assurer la formation aux brevets de pilote priv\u00e9. <\/p><\/li><li><p>Perfectionnement : plusieurs disciplines permettent aux pilotes brevet\u00e9s de parfaire leur formation selon leurs souhaits<\/p><\/li><\/ul>                                    <\/div>\n\n                                                                    <\/div>\n                            <\/div>\n                        <\/div>\n                                    <\/div>\n            <\/a>\n        <\/div>\n        \t\t\t\t<\/div>\n\t\t\t\t<\/div>\n\t\t\t\t<div class=\"elementor-element elementor-element-e46403d eael-flipbox-content-align-center elementor-invisible elementor-widget elementor-widget-eael-flip-box\" data-id=\"e46403d\" data-element_type=\"widget\" data-e-type=\"widget\" data-settings=\"{&quot;_animation&quot;:&quot;fadeInRight&quot;}\" data-widget_type=\"eael-flip-box.default\">\n\t\t\t\t<div class=\"elementor-widget-container\">\n\t\t\t\t\t        <div class=\"eael-elements-flip-box-container eael-animate-flip eael-animate-zoom-out eael-content eael-flip-box-hover eael-flipbox-fixed-height eael-flipbox-dynamic\">\n\n            <a class=\"eael-elements-flip-box-flip-card\" href=\"\/index.php\/association-aeroclub-du-bearn\/activites\/\">\n                <div class=\"eael-elements-flip-box-front-container\">\n                    \n                    \n                        <div class=\"eael-elements-slider-display-table\">\n                            <div class=\"eael-elements-flip-box-vertical-align\">\n                                <div class=\"eael-elements-flip-box-padding\">\n                                    <div class=\"eael-elements-flip-box-icon-image\">\n                                                                            <\/div>\n                                    <h2 class=\"eael-elements-flip-box-heading\">VOLS DECOUVERTE ET INITIATION<\/h2>                                    <div class=\"eael-elements-flip-box-content\">\n\t                                                                        <\/div>\n                                <\/div>\n                            <\/div>\n                        <\/div>\n                                    <\/div>\n\n                <div class=\"eael-elements-flip-box-rear-container\">\n                                                                <div class=\"eael-elements-slider-display-table\">\n                            <div class=\"eael-elements-flip-box-vertical-align\">\n                                <div class=\"eael-elements-flip-box-padding\">\n                                                                                                            <div class=\"eael-elements-flip-box-content\">\n                                        <p>Ici vous trouverez plus d&#8217;information pour effectuer un vol d&#8217;initiations et bapt\u00eames<\/p>                                    <\/div>\n\n                                                                    <\/div>\n                            <\/div>\n                        <\/div>\n                                    <\/div>\n            <\/a>\n        <\/div>\n        \t\t\t\t<\/div>\n\t\t\t\t<\/div>\n\t\t\t\t<div class=\"elementor-element elementor-element-e9d6b69 eael-flipbox-content-align-center elementor-invisible elementor-widget elementor-widget-eael-flip-box\" data-id=\"e9d6b69\" data-element_type=\"widget\" data-e-type=\"widget\" data-settings=\"{&quot;_animation&quot;:&quot;fadeInRight&quot;,&quot;_animation_delay&quot;:0}\" data-widget_type=\"eael-flip-box.default\">\n\t\t\t\t<div class=\"elementor-widget-container\">\n\t\t\t\t\t        <div class=\"eael-elements-flip-box-container eael-animate-flip eael-animate-zoom-out eael-content eael-flip-box-hover eael-flipbox-fixed-height eael-flipbox-dynamic\">\n\n            <a class=\"eael-elements-flip-box-flip-card\" href=\"\/index.php\/association-aeroclub-du-bearn\/devenir-membre\/\">\n                <div class=\"eael-elements-flip-box-front-container\">\n                    \n                    \n                        <div class=\"eael-elements-slider-display-table\">\n                            <div class=\"eael-elements-flip-box-vertical-align\">\n                                <div class=\"eael-elements-flip-box-padding\">\n                                    <div class=\"eael-elements-flip-box-icon-image\">\n                                                                            <\/div>\n                                    <h2 class=\"eael-elements-flip-box-heading\">Devenir membre<\/h2>                                    <div class=\"eael-elements-flip-box-content\">\n\t                                                                        <\/div>\n                                <\/div>\n                            <\/div>\n                        <\/div>\n                                    <\/div>\n\n                <div class=\"eael-elements-flip-box-rear-container\">\n                                                                <div class=\"eael-elements-slider-display-table\">\n                            <div class=\"eael-elements-flip-box-vertical-align\">\n                                <div class=\"eael-elements-flip-box-padding\">\n                                                                            <div class=\"eael-elements-flip-box-icon-image\">\n                                                                                            <\/div>\n                                                                                                            <div class=\"eael-elements-flip-box-content\">\n                                        <p>Ici vous trouverez plus d&#8217;information pour pouvoir rejoindre notre association<\/p>                                    <\/div>\n\n                                                                    <\/div>\n                            <\/div>\n                        <\/div>\n                                    <\/div>\n            <\/a>\n        <\/div>\n        \t\t\t\t<\/div>\n\t\t\t\t<\/div>\n\t\t\t\t<div class=\"elementor-element elementor-element-af28e69 eael-flipbox-content-align-center elementor-invisible elementor-widget elementor-widget-eael-flip-box\" data-id=\"af28e69\" data-element_type=\"widget\" data-e-type=\"widget\" data-settings=\"{&quot;_animation&quot;:&quot;fadeInRight&quot;}\" data-widget_type=\"eael-flip-box.default\">\n\t\t\t\t<div class=\"elementor-widget-container\">\n\t\t\t\t\t        <div class=\"eael-elements-flip-box-container eael-animate-flip eael-animate-zoom-out eael-content eael-flip-box-hover eael-flipbox-fixed-height eael-flipbox-dynamic\">\n\n            <a class=\"eael-elements-flip-box-flip-card\" href=\"\/index.php\/association-aeroclub-du-bearn\/histoire\/\">\n                <div class=\"eael-elements-flip-box-front-container\">\n                    \n                    \n                        <div class=\"eael-elements-slider-display-table\">\n                            <div class=\"eael-elements-flip-box-vertical-align\">\n                                <div class=\"eael-elements-flip-box-padding\">\n                                    <div class=\"eael-elements-flip-box-icon-image\">\n                                                                            <\/div>\n                                    <h2 class=\"eael-elements-flip-box-heading\">Histoire<\/h2>                                    <div class=\"eael-elements-flip-box-content\">\n\t                                                                        <\/div>\n                                <\/div>\n                            <\/div>\n                        <\/div>\n                                    <\/div>\n\n                <div class=\"eael-elements-flip-box-rear-container\">\n                                                                <div class=\"eael-elements-slider-display-table\">\n                            <div class=\"eael-elements-flip-box-vertical-align\">\n                                <div class=\"eael-elements-flip-box-padding\">\n                                                                                                            <div class=\"eael-elements-flip-box-content\">\n                                        <p>Ici vous trouverez quelques \u00e9lements sur l&#8217;histoire de l&#8217;a\u00e9roclub<\/p>                                    <\/div>\n\n                                                                    <\/div>\n                            <\/div>\n                        <\/div>\n                                    <\/div>\n            <\/a>\n        <\/div>\n        \t\t\t\t<\/div>\n\t\t\t\t<\/div>\n\t\t\t\t\t<\/div>\n\t\t<\/div>\n\t\t\t\t\t<\/div>\n\t\t<\/section>\n\t\t\t\t\t<\/div>\n\t\t<\/div>\n\t\t\t\t\t<\/div>\n\t\t<\/section>\n\t\t\t\t<\/div>\n\t\t","protected":false},"excerpt":{"rendered":"<p>L&#8217;aeroclub MOT DU PR\u00c9SIDENT: Heureux de vous accueillir sur le site de l\u2019a\u00e9roclub du B\u00e9arn. Notre a\u00e9roclub a \u00e9t\u00e9 fond\u00e9 en 1909, juste apr\u00e8s les premiers vols&hellip;<\/p>\n<p> <a class=\"more-link\" href=\"https:\/\/aeroclubdubearn.fr\/index.php\/association-aeroclub-du-bearn\/\">Lire la suite<\/a><\/p>\n","protected":false},"author":1,"featured_media":0,"parent":0,"menu_order":0,"comment_status":"closed","ping_status":"closed","template":"","meta":{"advgb_blocks_editor_width":"","advgb_blocks_columns_visual_guide":"","footnotes":""},"class_list":["post-1238","page","type-page","status-publish"],"coauthors":[],"author_meta":{"author_link":"https:\/\/aeroclubdubearn.fr\/index.php\/author\/admin\/","display_name":"admin"},"relative_dates":{"created":"Publi\u00e9 4 ans il y a","modified":"Mis \u00e0 jour 5 mois il y a"},"absolute_dates":{"created":"Publi\u00e9 le 18 novembre 2021","modified":"Mise \u00e0 jour le 29 novembre 2025"},"absolute_dates_time":{"created":"Publi\u00e9 le 18 novembre 2021 12:51 pm","modified":"Mise \u00e0 jour le 29 novembre 2025 1:56 pm"},"featured_img_caption":"","featured_img":false,"series_order":"","_links":{"self":[{"href":"https:\/\/aeroclubdubearn.fr\/index.php\/wp-json\/wp\/v2\/pages\/1238","targetHints":{"allow":["GET"]}}],"collection":[{"href":"https:\/\/aeroclubdubearn.fr\/index.php\/wp-json\/wp\/v2\/pages"}],"about":[{"href":"https:\/\/aeroclubdubearn.fr\/index.php\/wp-json\/wp\/v2\/types\/page"}],"author":[{"embeddable":true,"href":"https:\/\/aeroclubdubearn.fr\/index.php\/wp-json\/wp\/v2\/users\/1"}],"replies":[{"embeddable":true,"href":"https:\/\/aeroclubdubearn.fr\/index.php\/wp-json\/wp\/v2\/comments?post=1238"}],"version-history":[{"count":173,"href":"https:\/\/aeroclubdubearn.fr\/index.php\/wp-json\/wp\/v2\/pages\/1238\/revisions"}],"predecessor-version":[{"id":9540,"href":"https:\/\/aeroclubdubearn.fr\/index.php\/wp-json\/wp\/v2\/pages\/1238\/revisions\/9540"}],"wp:attachment":[{"href":"https:\/\/aeroclubdubearn.fr\/index.php\/wp-json\/wp\/v2\/media?parent=1238"}],"curies":[{"name":"wp","href":"https:\/\/api.w.org\/{rel}","templated":true}]}}