{"id":11,"date":"2021-11-17T10:49:43","date_gmt":"2021-11-17T10:49:43","guid":{"rendered":"https:\/\/nouveau.aeroclubdubearn.fr\/index.php\/wp-file-download-search\/"},"modified":"2025-11-29T13:56:08","modified_gmt":"2025-11-29T12:56:08","slug":"espace-membres","status":"publish","type":"page","link":"https:\/\/aeroclubdubearn.fr\/index.php\/espace-membres\/","title":{"rendered":"ESPACE MEMBRES"},"content":{"rendered":"\n<div class=\"wp-block-nk-awb nk-awb alignfull nk-awb-ZnwKch\" data-ghostkit-styles=\".nk-awb-ZnwKch { margin-top: -50px; }\"><div class=\"nk-awb-wrap\" data-awb-type=\"image\" data-awb-image-background-size=\"cover\" data-awb-image-background-position=\"40% 66%\" data-awb-parallax=\"scroll\" data-awb-parallax-speed=\"0.5\" data-awb-parallax-mobile=\"true\"><div class=\"nk-awb-overlay\" style=\"background-color: rgba(0, 0, 0, 0.52);\"><\/div><div class=\"nk-awb-inner\"><img fetchpriority=\"high\" decoding=\"async\" src=\"https:\/\/aeroclubdubearn.fr\/wp-content\/uploads\/2021\/11\/Bandeau_CreerAsso.jpg\" class=\"wp-image-2557 jarallax-img is-layout-constrained wp-block-awb-is-layout-constrained\" width=\"1600\" height=\"780\" srcset=\"https:\/\/aeroclubdubearn.fr\/wp-content\/uploads\/2021\/11\/Bandeau_CreerAsso.jpg 1600w, https:\/\/aeroclubdubearn.fr\/wp-content\/uploads\/2021\/11\/Bandeau_CreerAsso-300x146.jpg 300w, https:\/\/aeroclubdubearn.fr\/wp-content\/uploads\/2021\/11\/Bandeau_CreerAsso-1024x499.jpg 1024w, https:\/\/aeroclubdubearn.fr\/wp-content\/uploads\/2021\/11\/Bandeau_CreerAsso-768x374.jpg 768w, https:\/\/aeroclubdubearn.fr\/wp-content\/uploads\/2021\/11\/Bandeau_CreerAsso-1536x749.jpg 1536w, https:\/\/aeroclubdubearn.fr\/wp-content\/uploads\/2021\/11\/Bandeau_CreerAsso-500x244.jpg 500w, https:\/\/aeroclubdubearn.fr\/wp-content\/uploads\/2021\/11\/Bandeau_CreerAsso-800x390.jpg 800w, https:\/\/aeroclubdubearn.fr\/wp-content\/uploads\/2021\/11\/Bandeau_CreerAsso-1280x624.jpg 1280w\" sizes=\"(max-width: 1600px) 100vw, 1600px\" \/><\/div><\/div>\n<p class=\"has-text-align-center\" style=\"font-size:30px\"><span class=\"has-inline-color has-white-color\"><strong>ESPACE MEMBRES<\/strong><\/span><\/p>\n<\/div>\n\n\n\n<header class=\"wp-block-advgb-columns advgb-columns-wrapper advgb-dyn-a5be2a02\" id=\"advgb-cols-8e14ad15-303b-430b-bc5a-082f7a366ed4\"><div class=\"advgb-columns-container\"><div class=\"advgb-columns advgb-columns-row advgb-is-mobile columns-valign-top advgb-columns-3 layout-13-13-13 tbl-layout-stacked mbl-layout-stacked gutter-40 vgutter-10 columns-wrapped\">\n<div class=\"wp-block-advgb-column advgb-column advgb-is-one-third-desktop advgb-is-full-tablet advgb-is-full-mobile\" id=\"advgb-col-ddaf05ee-7ff9-4961-9da8-ddc89fe7a067\"><div class=\"advgb-column-inner\" style=\"border-style:none;border-width:1px\">\n<div class=\"wp-block-advgb-image aligncenter advgb-image-block full-width advgb-img-076cbf45-9621-407a-b92b-4f571e3f304a advgb-dyn-b6a2f22a\" style=\"background-image:url(https:\/\/aeroclubdubearn.fr\/wp-content\/uploads\/2021\/11\/IMG_2963-scaled.jpg);background-position:50% 50%;height:400px;width:500px;justify-content:center;align-items:center\" data-image=\"https:\/\/aeroclubdubearn.fr\/wp-content\/uploads\/2021\/11\/IMG_2963-scaled.jpg\"><a class=\"advgb-image-overlay\" style=\"background-color:#000\" target=\"_self\" rel=\"noopener noreferrer\" href=\"\/index.php\/wp-file-download-search\/documentation\/\"><\/a><h4 class=\"advgb-image-title\" style=\"color:#fff\">DOCUMENTATION<\/h4><p class=\"advgb-image-subtitle\" style=\"color:#fff\">Ici toute la doc de nos avions,   les formulaires etc&#8230;<\/p><\/div>\n\n\n\n<p><\/p>\n<\/div><\/div>\n\n\n\n<div class=\"wp-block-advgb-column advgb-column advgb-is-one-third-desktop advgb-is-full-tablet advgb-is-full-mobile\" id=\"advgb-col-77885129-4032-492e-a060-dd96d728bbe4\"><div class=\"advgb-column-inner\" style=\"border-style:none;border-width:1px\">\n<div class=\"wp-block-advgb-image aligncenter advgb-image-block full-width advgb-img-dbbaff41-f7bc-4043-82cf-eeec978fc84a advgb-dyn-8542702e\" style=\"background-image:url(https:\/\/aeroclubdubearn.fr\/wp-content\/uploads\/2021\/11\/DSC1053-scaled.jpg);background-position:50% 50%;height:400px;width:500px;justify-content:center;align-items:center\" data-image=\"https:\/\/aeroclubdubearn.fr\/wp-content\/uploads\/2021\/11\/DSC1053-scaled.jpg\"><a class=\"advgb-image-overlay\" style=\"background-color:#000\" target=\"_self\" rel=\"noopener noreferrer\" href=\"\/index.php\/wp-file-download-search\/vie-du-club\/\"><\/a><h4 class=\"advgb-image-title\" style=\"color:#fff\">LA VIE DU CLUB<\/h4><p class=\"advgb-image-subtitle\" style=\"color:#fff\">Ici les bons plans de balade en avion, news du club, la gazette, les comptes rendus du CA, le r\u00e9glement int\u00e9rieur etc&#8230;<\/p><\/div>\n\n\n\n<p><\/p>\n<\/div><\/div>\n\n\n\n<div class=\"wp-block-advgb-column advgb-column advgb-is-one-third-desktop advgb-is-full-tablet advgb-is-full-mobile\" id=\"advgb-col-335dd288-8459-4e14-bccb-52bc42a0693a\"><div class=\"advgb-column-inner\" style=\"border-style:none;border-width:1px\">\n<div class=\"wp-block-advgb-image aligncenter advgb-image-block full-width advgb-img-63e4bd14-602f-4706-ae8f-e5eb3b540592 advgb-dyn-b2eba27a\" style=\"background-image:url(https:\/\/aeroclubdubearn.fr\/wp-content\/uploads\/2021\/11\/1114155918_L.webp);background-position:52% 100%;height:400px;width:500px;justify-content:center;align-items:center\" data-image=\"https:\/\/aeroclubdubearn.fr\/wp-content\/uploads\/2021\/11\/1114155918_L.webp\"><a class=\"advgb-image-overlay\" style=\"background-color:#000\" target=\"_self\" rel=\"noopener noreferrer\" href=\"\/index.php\/wp-file-download-search\/securite-des-vols\/\"><\/a><h4 class=\"advgb-image-title\" style=\"color:#fff\">SECURITE DES VOLS \/ REX<\/h4><p class=\"advgb-image-subtitle\" style=\"color:#fff\">Ici pour d\u00e9poser un REX,  la doc. concernant la s\u00e9curit\u00e9 des vols, etc&#8230;<\/p><\/div>\n<\/div><\/div>\n<\/div><\/div><\/header>\n\n\n<h1 style=\"text-align: center;\"><div class=\"nk-awb \" ><span style=\"color: #ffffff;\">L&#8217;ACTUALITE DU CLUB<\/span><div class=\"nk-awb-wrap\" data-awb-type=\"color\" data-awb-image-background-size=\"cover\" data-awb-image-background-position=\"50% 50%\"><div class=\"nk-awb-overlay\" style=\"background-color: #5d91bf;\"><\/div><div  class=\"nk-awb-inner\"><\/div><\/div><\/div><\/h1>\n\n\n<div style=\"height:10px\" aria-hidden=\"true\" class=\"wp-block-spacer\"><\/div>\n\n\n\t\t<div class=\"wppsac-wrap wppsac-slick-carousel-wrp wppsac-clearfix \" data-conf=\"{&quot;slides_to_show&quot;:3,&quot;slides_to_scroll&quot;:1,&quot;dots&quot;:&quot;true&quot;,&quot;arrows&quot;:&quot;true&quot;,&quot;autoplay&quot;:&quot;true&quot;,&quot;autoplay_interval&quot;:3000,&quot;speed&quot;:500,&quot;rtl&quot;:&quot;false&quot;,&quot;lazyload&quot;:&quot;&quot;}\">\r\n\t\t\t<div id=\"wppsac-post-carousel-1\" class=\"wppsac-post-slider-init wppsac-post-carousel design-1\">\r\n\t\t\t\t<div class=\"wppsac-carousel-slides\">\r\n\t\t<div class=\"wppsac-post-image-bg\">\r\n\t\t<a href=\"https:\/\/aeroclubdubearn.fr\/index.php\/2022\/01\/24\/bienvenu-sur-le-nouveau-site-internet-de-laeroclub-du-bearn\/\">\r\n\t\t\t<img decoding=\"async\" class=\"wppsac-post-image\"  src=\"https:\/\/aeroclubdubearn.fr\/wp-content\/uploads\/2022\/02\/capture-ecran-site.png\" alt=\"Bienvenu sur le nouveau site internet de l&#8217;A\u00e9roclub du B\u00e9arn\" \/>\r\n\t\t<\/a>\r\n\t<\/div>\r\n\t\r\n\t<div class=\"wppsac-post-content-position\">\r\n\t\t\r\n\t\t<h2 class=\"wppsac-post-title\">\r\n\t\t\t<a href=\"https:\/\/aeroclubdubearn.fr\/index.php\/2022\/01\/24\/bienvenu-sur-le-nouveau-site-internet-de-laeroclub-du-bearn\/\">Bienvenu sur le nouveau site internet de l&#8217;A\u00e9roclub du B\u00e9arn<\/a>\r\n\t\t<\/h2>\r\n\r\n\t\t\t\t<div class=\"wppsac-post-date\">\r\n\t\t\t\t\t\t<span>By admin<\/span>\r\n\t\t\t \/ 24 janvier 2022\t\t<\/div>\r\n\t\t\t\t<div class=\"wppsac-post-content\">\r\n\t\t\t<div class=\"wppsac-sub-content\">Voici le nouveau site Internet de l'a\u00e9roclub mis en ligne en ce mois de janvier 2022. Vous acc\u00e9derez avec votre...<\/div>\r\n\r\n\t\t\t\t\t\t<a class=\"wppsac-readmorebtn\" href=\"https:\/\/aeroclubdubearn.fr\/index.php\/2022\/01\/24\/bienvenu-sur-le-nouveau-site-internet-de-laeroclub-du-bearn\/\">Read More<\/a>\r\n\t\t\t\t\t<\/div>\r\n\t\t\t<\/div>\r\n<\/div>\t\t\t<\/div>\r\n\t\t<\/div>\r\n\t\n\n\n\n<p><\/p>\n<style class=\"advgb-styles-renderer\">.advgb-img-076cbf45-9621-407a-b92b-4f571e3f304a.advgb-image-block .advgb-image-overlay{opacity:0.6 !important;}.advgb-img-076cbf45-9621-407a-b92b-4f571e3f304a.advgb-image-block:hover .advgb-image-overlay{opacity:0.2 !important;}#advgb-col-ddaf05ee-7ff9-4961-9da8-ddc89fe7a067>.advgb-column-inner{text-align:center;margin-bottom:0px;padding-bottom:0px;}@media screen and (max-width: 1023px) {#advgb-col-ddaf05ee-7ff9-4961-9da8-ddc89fe7a067>.advgb-column-inner{}}@media screen and (max-width: 767px) {#advgb-col-ddaf05ee-7ff9-4961-9da8-ddc89fe7a067>.advgb-column-inner{}}.advgb-img-076cbf45-9621-407a-b92b-4f571e3f304a.advgb-image-block .advgb-image-overlay{opacity:0.6 !important;}.advgb-img-076cbf45-9621-407a-b92b-4f571e3f304a.advgb-image-block:hover .advgb-image-overlay{opacity:0.2 !important;}.advgb-img-dbbaff41-f7bc-4043-82cf-eeec978fc84a.advgb-image-block .advgb-image-overlay{opacity:0.6 !important;}.advgb-img-dbbaff41-f7bc-4043-82cf-eeec978fc84a.advgb-image-block:hover .advgb-image-overlay{opacity:0.2 !important;}#advgb-col-77885129-4032-492e-a060-dd96d728bbe4>.advgb-column-inner{text-align:center;margin-bottom:0px;padding-bottom:0px;}@media screen and (max-width: 1023px) {#advgb-col-77885129-4032-492e-a060-dd96d728bbe4>.advgb-column-inner{}}@media screen and (max-width: 767px) {#advgb-col-77885129-4032-492e-a060-dd96d728bbe4>.advgb-column-inner{}}.advgb-img-dbbaff41-f7bc-4043-82cf-eeec978fc84a.advgb-image-block .advgb-image-overlay{opacity:0.6 !important;}.advgb-img-dbbaff41-f7bc-4043-82cf-eeec978fc84a.advgb-image-block:hover .advgb-image-overlay{opacity:0.2 !important;}.advgb-img-63e4bd14-602f-4706-ae8f-e5eb3b540592.advgb-image-block .advgb-image-overlay{opacity:0.6 !important;}.advgb-img-63e4bd14-602f-4706-ae8f-e5eb3b540592.advgb-image-block:hover .advgb-image-overlay{opacity:0.2 !important;}#advgb-col-335dd288-8459-4e14-bccb-52bc42a0693a>.advgb-column-inner{text-align:center;margin-bottom:0px;}@media screen and (max-width: 1023px) {#advgb-col-335dd288-8459-4e14-bccb-52bc42a0693a>.advgb-column-inner{}}@media screen and (max-width: 767px) {#advgb-col-335dd288-8459-4e14-bccb-52bc42a0693a>.advgb-column-inner{}}.advgb-img-63e4bd14-602f-4706-ae8f-e5eb3b540592.advgb-image-block .advgb-image-overlay{opacity:0.6 !important;}.advgb-img-63e4bd14-602f-4706-ae8f-e5eb3b540592.advgb-image-block:hover .advgb-image-overlay{opacity:0.2 !important;}#advgb-cols-8e14ad15-303b-430b-bc5a-082f7a366ed4{margin-bottom:0px;padding-bottom:0px;}@media screen and (max-width: 1023px) {#advgb-cols-8e14ad15-303b-430b-bc5a-082f7a366ed4{}}@media screen and (max-width: 767px) {#advgb-cols-8e14ad15-303b-430b-bc5a-082f7a366ed4{}}#advgb-col-ddaf05ee-7ff9-4961-9da8-ddc89fe7a067>.advgb-column-inner{text-align:center;margin-bottom:0px;padding-bottom:0px;}@media screen and (max-width: 1023px) {#advgb-col-ddaf05ee-7ff9-4961-9da8-ddc89fe7a067>.advgb-column-inner{}}@media screen and (max-width: 767px) {#advgb-col-ddaf05ee-7ff9-4961-9da8-ddc89fe7a067>.advgb-column-inner{}}.advgb-img-076cbf45-9621-407a-b92b-4f571e3f304a.advgb-image-block .advgb-image-overlay{opacity:0.6 !important;}.advgb-img-076cbf45-9621-407a-b92b-4f571e3f304a.advgb-image-block:hover .advgb-image-overlay{opacity:0.2 !important;}#advgb-col-77885129-4032-492e-a060-dd96d728bbe4>.advgb-column-inner{text-align:center;margin-bottom:0px;padding-bottom:0px;}@media screen and (max-width: 1023px) {#advgb-col-77885129-4032-492e-a060-dd96d728bbe4>.advgb-column-inner{}}@media screen and (max-width: 767px) {#advgb-col-77885129-4032-492e-a060-dd96d728bbe4>.advgb-column-inner{}}.advgb-img-dbbaff41-f7bc-4043-82cf-eeec978fc84a.advgb-image-block .advgb-image-overlay{opacity:0.6 !important;}.advgb-img-dbbaff41-f7bc-4043-82cf-eeec978fc84a.advgb-image-block:hover .advgb-image-overlay{opacity:0.2 !important;}#advgb-col-335dd288-8459-4e14-bccb-52bc42a0693a>.advgb-column-inner{text-align:center;margin-bottom:0px;}@media screen and (max-width: 1023px) {#advgb-col-335dd288-8459-4e14-bccb-52bc42a0693a>.advgb-column-inner{}}@media screen and (max-width: 767px) {#advgb-col-335dd288-8459-4e14-bccb-52bc42a0693a>.advgb-column-inner{}}.advgb-img-63e4bd14-602f-4706-ae8f-e5eb3b540592.advgb-image-block .advgb-image-overlay{opacity:0.6 !important;}.advgb-img-63e4bd14-602f-4706-ae8f-e5eb3b540592.advgb-image-block:hover .advgb-image-overlay{opacity:0.2 !important;}<\/style>","protected":false},"excerpt":{"rendered":"","protected":false},"author":1,"featured_media":0,"parent":0,"menu_order":0,"comment_status":"closed","ping_status":"closed","template":"","meta":{"advgb_blocks_editor_width":"full","advgb_blocks_columns_visual_guide":"","footnotes":""},"class_list":["post-11","page","type-page","status-publish"],"coauthors":[],"author_meta":{"author_link":"https:\/\/aeroclubdubearn.fr\/index.php\/author\/admin\/","display_name":"admin"},"relative_dates":{"created":"Publi\u00e9 4 ans il y a","modified":"Mis \u00e0 jour 5 mois il y a"},"absolute_dates":{"created":"Publi\u00e9 le 17 novembre 2021","modified":"Mise \u00e0 jour le 29 novembre 2025"},"absolute_dates_time":{"created":"Publi\u00e9 le 17 novembre 2021 10:49 am","modified":"Mise \u00e0 jour le 29 novembre 2025 1:56 pm"},"featured_img_caption":"","featured_img":false,"series_order":"","_links":{"self":[{"href":"https:\/\/aeroclubdubearn.fr\/index.php\/wp-json\/wp\/v2\/pages\/11","targetHints":{"allow":["GET"]}}],"collection":[{"href":"https:\/\/aeroclubdubearn.fr\/index.php\/wp-json\/wp\/v2\/pages"}],"about":[{"href":"https:\/\/aeroclubdubearn.fr\/index.php\/wp-json\/wp\/v2\/types\/page"}],"author":[{"embeddable":true,"href":"https:\/\/aeroclubdubearn.fr\/index.php\/wp-json\/wp\/v2\/users\/1"}],"replies":[{"embeddable":true,"href":"https:\/\/aeroclubdubearn.fr\/index.php\/wp-json\/wp\/v2\/comments?post=11"}],"version-history":[{"count":104,"href":"https:\/\/aeroclubdubearn.fr\/index.php\/wp-json\/wp\/v2\/pages\/11\/revisions"}],"predecessor-version":[{"id":8802,"href":"https:\/\/aeroclubdubearn.fr\/index.php\/wp-json\/wp\/v2\/pages\/11\/revisions\/8802"}],"wp:attachment":[{"href":"https:\/\/aeroclubdubearn.fr\/index.php\/wp-json\/wp\/v2\/media?parent=11"}],"curies":[{"name":"wp","href":"https:\/\/api.w.org\/{rel}","templated":true}]}}